{"id":33,"date":"2026-02-26T08:59:58","date_gmt":"2026-02-26T07:59:58","guid":{"rendered":"https:\/\/ecs-m1-d.sdw-reims.fr\/wp-gp2\/?page_id=33"},"modified":"2026-04-20T11:26:20","modified_gmt":"2026-04-20T09:26:20","slug":"evenements","status":"publish","type":"page","link":"https:\/\/ecs-m1-d.sdw-reims.fr\/wp-gp2\/evenements\/","title":{"rendered":"Ev\u00e8nements"},"content":{"rendered":"\t\t<div data-elementor-type=\"wp-page\" data-elementor-id=\"33\" class=\"elementor elementor-33\" data-elementor-post-type=\"page\">\n\t\t\t\t<div class=\"elementor-element elementor-element-cca49d3 e-flex e-con-boxed wpr-particle-no wpr-jarallax-no wpr-parallax-no wpr-sticky-section-no wpr-equal-height-no e-con e-parent\" data-id=\"cca49d3\" data-element_type=\"container\" data-e-type=\"container\">\n\t\t\t\t\t<div class=\"e-con-inner\">\n\t\t\t\t<div class=\"elementor-element elementor-element-ed57350 elementor-widget elementor-widget-spacer\" data-id=\"ed57350\" data-element_type=\"widget\" data-e-type=\"widget\" data-widget_type=\"spacer.default\">\n\t\t\t\t\t\t\t<div class=\"elementor-spacer\">\n\t\t\t<div class=\"elementor-spacer-inner\"><\/div>\n\t\t<\/div>\n\t\t\t\t\t\t<\/div>\n\t\t\t\t<div class=\"elementor-element elementor-element-fda4173 elementor-widget elementor-widget-wp-widget-calendar\" data-id=\"fda4173\" data-element_type=\"widget\" data-e-type=\"widget\" data-widget_type=\"wp-widget-calendar.default\">\n\t\t\t\t<div class=\"elementor-widget-container\">\n\t\t\t\t\t<h5>Ne manquez pas les \u00e9v\u00e8nements \u00e0 venir !<\/h5><div id=\"calendar_wrap\" class=\"calendar_wrap\"><table id=\"wp-calendar\" class=\"wp-calendar-table\">\n\t<caption>avril 2026<\/caption>\n\t<thead>\n\t<tr>\n\t\t<th scope=\"col\" aria-label=\"lundi\">L<\/th>\n\t\t<th scope=\"col\" aria-label=\"mardi\">M<\/th>\n\t\t<th scope=\"col\" aria-label=\"mercredi\">M<\/th>\n\t\t<th scope=\"col\" aria-label=\"jeudi\">J<\/th>\n\t\t<th scope=\"col\" aria-label=\"vendredi\">V<\/th>\n\t\t<th scope=\"col\" aria-label=\"samedi\">S<\/th>\n\t\t<th scope=\"col\" aria-label=\"dimanche\">D<\/th>\n\t<\/tr>\n\t<\/thead>\n\t<tbody>\n\t<tr>\n\t\t<td colspan=\"2\" class=\"pad\">&nbsp;<\/td><td>1<\/td><td>2<\/td><td>3<\/td><td>4<\/td><td>5<\/td>\n\t<\/tr>\n\t<tr>\n\t\t<td>6<\/td><td>7<\/td><td>8<\/td><td>9<\/td><td>10<\/td><td>11<\/td><td>12<\/td>\n\t<\/tr>\n\t<tr>\n\t\t<td>13<\/td><td>14<\/td><td>15<\/td><td>16<\/td><td>17<\/td><td>18<\/td><td>19<\/td>\n\t<\/tr>\n\t<tr>\n\t\t<td>20<\/td><td>21<\/td><td>22<\/td><td>23<\/td><td>24<\/td><td>25<\/td><td>26<\/td>\n\t<\/tr>\n\t<tr>\n\t\t<td>27<\/td><td>28<\/td><td>29<\/td><td id=\"today\">30<\/td>\n\t\t<td class=\"pad\" colspan=\"3\">&nbsp;<\/td>\n\t<\/tr>\n\t<\/tbody>\n\t<\/table><nav aria-label=\"Mois pr\u00e9c\u00e9dents et suivants\" class=\"wp-calendar-nav\">\n\t\t<span class=\"wp-calendar-nav-prev\"><a href=\"https:\/\/ecs-m1-d.sdw-reims.fr\/wp-gp2\/2026\/03\/\">&laquo; Mar<\/a><\/span>\n\t\t<span class=\"pad\">&nbsp;<\/span>\n\t\t<span class=\"wp-calendar-nav-next\">&nbsp;<\/span>\n\t<\/nav><\/div>\t\t\t\t<\/div>\n\t\t\t\t<\/div>\n\t\t\t\t\t<\/div>\n\t\t\t\t<\/div>\n\t\t<div class=\"elementor-element elementor-element-90e2185 e-flex e-con-boxed wpr-particle-no wpr-jarallax-no wpr-parallax-no wpr-sticky-section-no wpr-equal-height-no e-con e-parent\" data-id=\"90e2185\" data-element_type=\"container\" data-e-type=\"container\">\n\t\t\t\t\t<div class=\"e-con-inner\">\n\t\t\t\t<div class=\"elementor-element elementor-element-bdd73ac elementor-button-align-stretch elementor-widget elementor-widget-form\" data-id=\"bdd73ac\" data-element_type=\"widget\" data-e-type=\"widget\" data-settings=\"{&quot;step_next_label&quot;:&quot;Suivant&quot;,&quot;step_previous_label&quot;:&quot;Pr\\u00e9c\\u00e9dent&quot;,&quot;button_width&quot;:&quot;100&quot;,&quot;step_type&quot;:&quot;number_text&quot;,&quot;step_icon_shape&quot;:&quot;circle&quot;}\" data-widget_type=\"form.default\">\n\t\t\t\t\t\t\t<form class=\"elementor-form\" method=\"post\" name=\"En savoir plus sur les \u00e9v\u00e8nements\" aria-label=\"En savoir plus sur les \u00e9v\u00e8nements\">\n\t\t\t<input type=\"hidden\" name=\"post_id\" value=\"33\"\/>\n\t\t\t<input type=\"hidden\" name=\"form_id\" value=\"bdd73ac\"\/>\n\t\t\t<input type=\"hidden\" name=\"referer_title\" value=\"Ev\u00e8nements - DM Broc\" \/>\n\n\t\t\t\t\t\t\t<input type=\"hidden\" name=\"queried_id\" value=\"33\"\/>\n\t\t\t\n\t\t\t<div class=\"elementor-form-fields-wrapper elementor-labels-\">\n\t\t\t\t\t\t\t\t<div class=\"elementor-field-type-text elementor-field-group elementor-column elementor-field-group-name elementor-col-100\">\n\t\t\t\t\t\t\t\t\t\t\t\t<label for=\"form-field-name\" class=\"elementor-field-label elementor-screen-only\">\n\t\t\t\t\t\t\t\tNom\t\t\t\t\t\t\t<\/label>\n\t\t\t\t\t\t\t\t\t\t\t\t\t\t<input size=\"1\" type=\"text\" name=\"form_fields[name]\" id=\"form-field-name\" class=\"elementor-field elementor-size-sm  elementor-field-textual\" placeholder=\"Nom\">\n\t\t\t\t\t\t\t\t\t\t\t<\/div>\n\t\t\t\t\t\t\t\t<div class=\"elementor-field-type-email elementor-field-group elementor-column elementor-field-group-email elementor-col-100 elementor-field-required\">\n\t\t\t\t\t\t\t\t\t\t\t\t<label for=\"form-field-email\" class=\"elementor-field-label elementor-screen-only\">\n\t\t\t\t\t\t\t\tE-mail\t\t\t\t\t\t\t<\/label>\n\t\t\t\t\t\t\t\t\t\t\t\t\t\t<input size=\"1\" type=\"email\" name=\"form_fields[email]\" id=\"form-field-email\" class=\"elementor-field elementor-size-sm  elementor-field-textual\" placeholder=\"E-mail\" required=\"required\">\n\t\t\t\t\t\t\t\t\t\t\t<\/div>\n\t\t\t\t\t\t\t\t<div class=\"elementor-field-type-textarea elementor-field-group elementor-column elementor-field-group-message elementor-col-100\">\n\t\t\t\t\t\t\t\t\t\t\t\t<label for=\"form-field-message\" class=\"elementor-field-label elementor-screen-only\">\n\t\t\t\t\t\t\t\tMessage\t\t\t\t\t\t\t<\/label>\n\t\t\t\t\t\t<textarea class=\"elementor-field-textual elementor-field  elementor-size-sm\" name=\"form_fields[message]\" id=\"form-field-message\" rows=\"4\" placeholder=\"Message\"><\/textarea>\t\t\t\t<\/div>\n\t\t\t\t\t\t\t\t<div class=\"elementor-field-group elementor-column elementor-field-type-submit elementor-col-100 e-form__buttons\">\n\t\t\t\t\t<button class=\"elementor-button elementor-size-sm\" type=\"submit\">\n\t\t\t\t\t\t<span class=\"elementor-button-content-wrapper\">\n\t\t\t\t\t\t\t\t\t\t\t\t\t\t\t\t\t\t\t\t\t\t<span class=\"elementor-button-text\">Envoyer<\/span>\n\t\t\t\t\t\t\t\t\t\t\t\t\t<\/span>\n\t\t\t\t\t<\/button>\n\t\t\t\t<\/div>\n\t\t\t<\/div>\n\t\t<\/form>\n\t\t\t\t\t\t<\/div>\n\t\t\t\t\t<\/div>\n\t\t\t\t<\/div>\n\t\t<div class=\"elementor-element elementor-element-4612f5d e-flex e-con-boxed wpr-particle-no wpr-jarallax-no wpr-parallax-no wpr-sticky-section-no wpr-equal-height-no e-con e-parent\" data-id=\"4612f5d\" data-element_type=\"container\" data-e-type=\"container\">\n\t\t\t\t\t<div class=\"e-con-inner\">\n\t\t\t\t<div class=\"elementor-element elementor-element-4af878f elementor-widget elementor-widget-spacer\" data-id=\"4af878f\" data-element_type=\"widget\" data-e-type=\"widget\" data-widget_type=\"spacer.default\">\n\t\t\t\t\t\t\t<div class=\"elementor-spacer\">\n\t\t\t<div class=\"elementor-spacer-inner\"><\/div>\n\t\t<\/div>\n\t\t\t\t\t\t<\/div>\n\t\t\t\t\t<\/div>\n\t\t\t\t<\/div>\n\t\t\t\t<\/div>\n\t\t","protected":false},"excerpt":{"rendered":"","protected":false},"author":2,"featured_media":0,"parent":0,"menu_order":3,"comment_status":"closed","ping_status":"closed","template":"","meta":{"_acf_changed":false,"footnotes":""},"class_list":["post-33","page","type-page","status-publish","hentry"],"acf":[],"yoast_head":"<!-- This site is optimized with the Yoast SEO plugin v27.4 - https:\/\/yoast.com\/product\/yoast-seo-wordpress\/ -->\n<title>Ev\u00e8nements - DM Broc<\/title>\n<meta name=\"robots\" content=\"noindex, follow, max-snippet:-1, max-image-preview:large, max-video-preview:-1\" \/>\n<meta property=\"og:locale\" content=\"fr_FR\" \/>\n<meta property=\"og:type\" content=\"article\" \/>\n<meta property=\"og:title\" content=\"Ev\u00e8nements - DM Broc\" \/>\n<meta property=\"og:url\" content=\"https:\/\/ecs-m1-d.sdw-reims.fr\/wp-gp2\/evenements\/\" \/>\n<meta property=\"og:site_name\" content=\"DM Broc\" \/>\n<meta property=\"article:publisher\" content=\"https:\/\/www.facebook.com\/profile.php?id=61564039251775&amp;locale=fr_FR\" \/>\n<meta property=\"article:modified_time\" content=\"2026-04-20T09:26:20+00:00\" \/>\n<meta name=\"twitter:card\" content=\"summary_large_image\" \/>\n<meta name=\"twitter:label1\" content=\"Dur\u00e9e de lecture estim\u00e9e\" \/>\n\t<meta name=\"twitter:data1\" content=\"1 minute\" \/>\n<script type=\"application\/ld+json\" class=\"yoast-schema-graph\">{\"@context\":\"https:\\\/\\\/schema.org\",\"@graph\":[{\"@type\":\"WebPage\",\"@id\":\"https:\\\/\\\/ecs-m1-d.sdw-reims.fr\\\/wp-gp2\\\/evenements\\\/\",\"url\":\"https:\\\/\\\/ecs-m1-d.sdw-reims.fr\\\/wp-gp2\\\/evenements\\\/\",\"name\":\"Ev\u00e8nements - DM Broc\",\"isPartOf\":{\"@id\":\"https:\\\/\\\/ecs-m1-d.sdw-reims.fr\\\/wp-gp2\\\/#website\"},\"datePublished\":\"2026-02-26T07:59:58+00:00\",\"dateModified\":\"2026-04-20T09:26:20+00:00\",\"breadcrumb\":{\"@id\":\"https:\\\/\\\/ecs-m1-d.sdw-reims.fr\\\/wp-gp2\\\/evenements\\\/#breadcrumb\"},\"inLanguage\":\"fr-FR\",\"potentialAction\":[{\"@type\":\"ReadAction\",\"target\":[\"https:\\\/\\\/ecs-m1-d.sdw-reims.fr\\\/wp-gp2\\\/evenements\\\/\"]}]},{\"@type\":\"BreadcrumbList\",\"@id\":\"https:\\\/\\\/ecs-m1-d.sdw-reims.fr\\\/wp-gp2\\\/evenements\\\/#breadcrumb\",\"itemListElement\":[{\"@type\":\"ListItem\",\"position\":1,\"name\":\"Accueil\",\"item\":\"https:\\\/\\\/ecs-m1-d.sdw-reims.fr\\\/wp-gp2\\\/\"},{\"@type\":\"ListItem\",\"position\":2,\"name\":\"Ev\u00e8nements\"}]},{\"@type\":\"WebSite\",\"@id\":\"https:\\\/\\\/ecs-m1-d.sdw-reims.fr\\\/wp-gp2\\\/#website\",\"url\":\"https:\\\/\\\/ecs-m1-d.sdw-reims.fr\\\/wp-gp2\\\/\",\"name\":\"DM Broc\",\"description\":\"\",\"publisher\":{\"@id\":\"https:\\\/\\\/ecs-m1-d.sdw-reims.fr\\\/wp-gp2\\\/#organization\"},\"potentialAction\":[{\"@type\":\"SearchAction\",\"target\":{\"@type\":\"EntryPoint\",\"urlTemplate\":\"https:\\\/\\\/ecs-m1-d.sdw-reims.fr\\\/wp-gp2\\\/?s={search_term_string}\"},\"query-input\":{\"@type\":\"PropertyValueSpecification\",\"valueRequired\":true,\"valueName\":\"search_term_string\"}}],\"inLanguage\":\"fr-FR\"},{\"@type\":\"Organization\",\"@id\":\"https:\\\/\\\/ecs-m1-d.sdw-reims.fr\\\/wp-gp2\\\/#organization\",\"name\":\"DM Broc\",\"url\":\"https:\\\/\\\/ecs-m1-d.sdw-reims.fr\\\/wp-gp2\\\/\",\"logo\":{\"@type\":\"ImageObject\",\"inLanguage\":\"fr-FR\",\"@id\":\"https:\\\/\\\/ecs-m1-d.sdw-reims.fr\\\/wp-gp2\\\/#\\\/schema\\\/logo\\\/image\\\/\",\"url\":\"https:\\\/\\\/ecs-m1-d.sdw-reims.fr\\\/wp-gp2\\\/wp-content\\\/uploads\\\/2026\\\/02\\\/dm-broc.png\",\"contentUrl\":\"https:\\\/\\\/ecs-m1-d.sdw-reims.fr\\\/wp-gp2\\\/wp-content\\\/uploads\\\/2026\\\/02\\\/dm-broc.png\",\"width\":1536,\"height\":646,\"caption\":\"DM Broc\"},\"image\":{\"@id\":\"https:\\\/\\\/ecs-m1-d.sdw-reims.fr\\\/wp-gp2\\\/#\\\/schema\\\/logo\\\/image\\\/\"},\"sameAs\":[\"https:\\\/\\\/www.facebook.com\\\/profile.php?id=61564039251775&locale=fr_FR\",\"https:\\\/\\\/www.leboncoin.fr\\\/profile\\\/16836642-d399-404c-b88d-d35f0ac79f55\\\/offers\"]}]}<\/script>\n<!-- \/ Yoast SEO plugin. -->","yoast_head_json":{"title":"Ev\u00e8nements - DM Broc","robots":{"index":"noindex","follow":"follow","max-snippet":"max-snippet:-1","max-image-preview":"max-image-preview:large","max-video-preview":"max-video-preview:-1"},"og_locale":"fr_FR","og_type":"article","og_title":"Ev\u00e8nements - DM Broc","og_url":"https:\/\/ecs-m1-d.sdw-reims.fr\/wp-gp2\/evenements\/","og_site_name":"DM Broc","article_publisher":"https:\/\/www.facebook.com\/profile.php?id=61564039251775&locale=fr_FR","article_modified_time":"2026-04-20T09:26:20+00:00","twitter_card":"summary_large_image","twitter_misc":{"Dur\u00e9e de lecture estim\u00e9e":"1 minute"},"schema":{"@context":"https:\/\/schema.org","@graph":[{"@type":"WebPage","@id":"https:\/\/ecs-m1-d.sdw-reims.fr\/wp-gp2\/evenements\/","url":"https:\/\/ecs-m1-d.sdw-reims.fr\/wp-gp2\/evenements\/","name":"Ev\u00e8nements - DM Broc","isPartOf":{"@id":"https:\/\/ecs-m1-d.sdw-reims.fr\/wp-gp2\/#website"},"datePublished":"2026-02-26T07:59:58+00:00","dateModified":"2026-04-20T09:26:20+00:00","breadcrumb":{"@id":"https:\/\/ecs-m1-d.sdw-reims.fr\/wp-gp2\/evenements\/#breadcrumb"},"inLanguage":"fr-FR","potentialAction":[{"@type":"ReadAction","target":["https:\/\/ecs-m1-d.sdw-reims.fr\/wp-gp2\/evenements\/"]}]},{"@type":"BreadcrumbList","@id":"https:\/\/ecs-m1-d.sdw-reims.fr\/wp-gp2\/evenements\/#breadcrumb","itemListElement":[{"@type":"ListItem","position":1,"name":"Accueil","item":"https:\/\/ecs-m1-d.sdw-reims.fr\/wp-gp2\/"},{"@type":"ListItem","position":2,"name":"Ev\u00e8nements"}]},{"@type":"WebSite","@id":"https:\/\/ecs-m1-d.sdw-reims.fr\/wp-gp2\/#website","url":"https:\/\/ecs-m1-d.sdw-reims.fr\/wp-gp2\/","name":"DM Broc","description":"","publisher":{"@id":"https:\/\/ecs-m1-d.sdw-reims.fr\/wp-gp2\/#organization"},"potentialAction":[{"@type":"SearchAction","target":{"@type":"EntryPoint","urlTemplate":"https:\/\/ecs-m1-d.sdw-reims.fr\/wp-gp2\/?s={search_term_string}"},"query-input":{"@type":"PropertyValueSpecification","valueRequired":true,"valueName":"search_term_string"}}],"inLanguage":"fr-FR"},{"@type":"Organization","@id":"https:\/\/ecs-m1-d.sdw-reims.fr\/wp-gp2\/#organization","name":"DM Broc","url":"https:\/\/ecs-m1-d.sdw-reims.fr\/wp-gp2\/","logo":{"@type":"ImageObject","inLanguage":"fr-FR","@id":"https:\/\/ecs-m1-d.sdw-reims.fr\/wp-gp2\/#\/schema\/logo\/image\/","url":"https:\/\/ecs-m1-d.sdw-reims.fr\/wp-gp2\/wp-content\/uploads\/2026\/02\/dm-broc.png","contentUrl":"https:\/\/ecs-m1-d.sdw-reims.fr\/wp-gp2\/wp-content\/uploads\/2026\/02\/dm-broc.png","width":1536,"height":646,"caption":"DM Broc"},"image":{"@id":"https:\/\/ecs-m1-d.sdw-reims.fr\/wp-gp2\/#\/schema\/logo\/image\/"},"sameAs":["https:\/\/www.facebook.com\/profile.php?id=61564039251775&locale=fr_FR","https:\/\/www.leboncoin.fr\/profile\/16836642-d399-404c-b88d-d35f0ac79f55\/offers"]}]}},"_links":{"self":[{"href":"https:\/\/ecs-m1-d.sdw-reims.fr\/wp-gp2\/wp-json\/wp\/v2\/pages\/33","targetHints":{"allow":["GET"]}}],"collection":[{"href":"https:\/\/ecs-m1-d.sdw-reims.fr\/wp-gp2\/wp-json\/wp\/v2\/pages"}],"about":[{"href":"https:\/\/ecs-m1-d.sdw-reims.fr\/wp-gp2\/wp-json\/wp\/v2\/types\/page"}],"author":[{"embeddable":true,"href":"https:\/\/ecs-m1-d.sdw-reims.fr\/wp-gp2\/wp-json\/wp\/v2\/users\/2"}],"replies":[{"embeddable":true,"href":"https:\/\/ecs-m1-d.sdw-reims.fr\/wp-gp2\/wp-json\/wp\/v2\/comments?post=33"}],"version-history":[{"count":7,"href":"https:\/\/ecs-m1-d.sdw-reims.fr\/wp-gp2\/wp-json\/wp\/v2\/pages\/33\/revisions"}],"predecessor-version":[{"id":312,"href":"https:\/\/ecs-m1-d.sdw-reims.fr\/wp-gp2\/wp-json\/wp\/v2\/pages\/33\/revisions\/312"}],"wp:attachment":[{"href":"https:\/\/ecs-m1-d.sdw-reims.fr\/wp-gp2\/wp-json\/wp\/v2\/media?parent=33"}],"curies":[{"name":"wp","href":"https:\/\/api.w.org\/{rel}","templated":true}]}}