{"id":21,"date":"2026-02-26T09:41:56","date_gmt":"2026-02-26T08:41:56","guid":{"rendered":"https:\/\/ecs-m1-d.sdw-reims.fr\/wp-gp3\/?page_id=21"},"modified":"2026-03-11T09:41:19","modified_gmt":"2026-03-11T08:41:19","slug":"page-boutique","status":"publish","type":"page","link":"https:\/\/ecs-m1-d.sdw-reims.fr\/wp-gp3\/page-boutique\/","title":{"rendered":"Page boutique"},"content":{"rendered":"\n<p class=\"has-text-align-center\">Explorez notre s\u00e9lection exclusive de <strong>pi\u00e8ces vintage authentiques<\/strong>, d\u00e9nich\u00e9es pour leur caract\u00e8re unique et leur patine charg\u00e9e d&rsquo;histoire, d\u00e9sormais disponibles directement sur notre site.<\/p>\n\n\n\n<div class=\"wp-block-group alignfull is-layout-constrained wp-block-group-is-layout-constrained\" style=\"margin-top:0;margin-bottom:0;padding-top:var(--wp--preset--spacing--50);padding-bottom:var(--wp--preset--spacing--50)\">\n<div class=\"wp-block-columns alignwide is-layout-flex wp-container-core-columns-is-layout-47c06fe3 wp-block-columns-is-layout-flex\">\n<div class=\"wp-block-column is-layout-flow wp-block-column-is-layout-flow\" style=\"flex-basis:56%\">\n<figure class=\"wp-block-image size-full\"><img fetchpriority=\"high\" decoding=\"async\" width=\"1510\" height=\"2048\" src=\"https:\/\/ecs-m1-d.sdw-reims.fr\/wp-gp3\/wp-content\/uploads\/2026\/02\/pE20-r9S.jpg\" alt=\"\" class=\"wp-image-54\" style=\"aspect-ratio:1;object-fit:cover\" srcset=\"https:\/\/ecs-m1-d.sdw-reims.fr\/wp-gp3\/wp-content\/uploads\/2026\/02\/pE20-r9S.jpg 1510w, https:\/\/ecs-m1-d.sdw-reims.fr\/wp-gp3\/wp-content\/uploads\/2026\/02\/pE20-r9S-221x300.jpg 221w, https:\/\/ecs-m1-d.sdw-reims.fr\/wp-gp3\/wp-content\/uploads\/2026\/02\/pE20-r9S-755x1024.jpg 755w, https:\/\/ecs-m1-d.sdw-reims.fr\/wp-gp3\/wp-content\/uploads\/2026\/02\/pE20-r9S-768x1042.jpg 768w, https:\/\/ecs-m1-d.sdw-reims.fr\/wp-gp3\/wp-content\/uploads\/2026\/02\/pE20-r9S-1133x1536.jpg 1133w\" sizes=\"(max-width: 1510px) 100vw, 1510px\" \/><\/figure>\n<\/div>\n\n\n\n<div class=\"wp-block-column is-vertically-aligned-center is-layout-flow wp-container-core-column-is-layout-119bc444 wp-block-column-is-layout-flow\">\n<h2 class=\"wp-block-heading\">Nouveaut\u00e9s<\/h2>\n\n\n\n<p>Ici, vous trouverez toutes les nouveaut\u00e9s : des tr\u00e9sors d&rsquo;autrefois s\u00e9lectionn\u00e9s avec soin pour sublimer votre int\u00e9rieur d&rsquo;aujourd&rsquo;hui.<\/p>\n\n\n\n<p>Cette caisse de r\u00e9colte en bois brut au charme rustique est l&rsquo;alli\u00e9e parfaite pour un rangement authentique ou une d\u00e9coration vintage.<\/p>\n\n\n\n<div class=\"wp-block-buttons is-layout-flex wp-block-buttons-is-layout-flex\">\n<div class=\"wp-block-button\"><a class=\"wp-block-button__link wp-element-button\">En savoir plus<\/a><\/div>\n<\/div>\n<\/div>\n<\/div>\n<\/div>\n\n\n\n<h2 class=\"wp-block-heading has-text-align-center\">Nos produits <\/h2>\n\n\n\n<div class=\"wp-block-group alignwide is-layout-constrained wp-block-group-is-layout-constrained\" style=\"margin-top:0;margin-bottom:0;padding-top:var(--wp--preset--spacing--50);padding-bottom:var(--wp--preset--spacing--50)\">\n<div class=\"wp-block-group alignwide is-layout-grid wp-container-core-group-is-layout-840b37f5 wp-block-group-is-layout-grid\">\n<div class=\"wp-block-group is-vertical is-content-justification-stretch is-layout-flex wp-container-core-group-is-layout-353c4f5a wp-block-group-is-layout-flex\">\n<div class=\"wp-block-cover\"><img decoding=\"async\" width=\"657\" height=\"1024\" class=\"wp-block-cover__image-background wp-image-29 size-large\" alt=\"\" src=\"https:\/\/ecs-m1-d.sdw-reims.fr\/wp-gp3\/wp-content\/uploads\/2026\/02\/93OrL68u-657x1024.jpg\" data-object-fit=\"cover\" srcset=\"https:\/\/ecs-m1-d.sdw-reims.fr\/wp-gp3\/wp-content\/uploads\/2026\/02\/93OrL68u-657x1024.jpg 657w, https:\/\/ecs-m1-d.sdw-reims.fr\/wp-gp3\/wp-content\/uploads\/2026\/02\/93OrL68u-192x300.jpg 192w, https:\/\/ecs-m1-d.sdw-reims.fr\/wp-gp3\/wp-content\/uploads\/2026\/02\/93OrL68u-768x1197.jpg 768w, https:\/\/ecs-m1-d.sdw-reims.fr\/wp-gp3\/wp-content\/uploads\/2026\/02\/93OrL68u-986x1536.jpg 986w, https:\/\/ecs-m1-d.sdw-reims.fr\/wp-gp3\/wp-content\/uploads\/2026\/02\/93OrL68u.jpg 1314w\" sizes=\"(max-width: 657px) 100vw, 657px\" \/><span aria-hidden=\"true\" class=\"wp-block-cover__background has-background-dim-0 has-background-dim\" style=\"background-color:#876d5a\"><\/span><div class=\"wp-block-cover__inner-container is-layout-constrained wp-block-cover-is-layout-constrained\">\n<div style=\"height:var(--wp--preset--spacing--20)\" aria-hidden=\"true\" class=\"wp-block-spacer\"><\/div>\n<\/div><\/div>\n\n\n\n<p class=\"has-text-align-center\">Bougeoir cristal<\/p>\n\n\n\n<div class=\"wp-block-buttons is-content-justification-center is-layout-flex wp-container-core-buttons-is-layout-a89b3969 wp-block-buttons-is-layout-flex\">\n<div class=\"wp-block-button\"><a class=\"wp-block-button__link wp-element-button\">Cliquez ici<\/a><\/div>\n<\/div>\n<\/div>\n\n\n\n<div class=\"wp-block-group is-vertical is-content-justification-stretch is-layout-flex wp-container-core-group-is-layout-353c4f5a wp-block-group-is-layout-flex\">\n<div class=\"wp-block-cover\"><img decoding=\"async\" width=\"758\" height=\"1024\" class=\"wp-block-cover__image-background wp-image-30 size-large\" alt=\"\" src=\"https:\/\/ecs-m1-d.sdw-reims.fr\/wp-gp3\/wp-content\/uploads\/2026\/02\/NCleKNKN-758x1024.jpg\" data-object-fit=\"cover\" srcset=\"https:\/\/ecs-m1-d.sdw-reims.fr\/wp-gp3\/wp-content\/uploads\/2026\/02\/NCleKNKN-758x1024.jpg 758w, https:\/\/ecs-m1-d.sdw-reims.fr\/wp-gp3\/wp-content\/uploads\/2026\/02\/NCleKNKN-222x300.jpg 222w, https:\/\/ecs-m1-d.sdw-reims.fr\/wp-gp3\/wp-content\/uploads\/2026\/02\/NCleKNKN-768x1038.jpg 768w, https:\/\/ecs-m1-d.sdw-reims.fr\/wp-gp3\/wp-content\/uploads\/2026\/02\/NCleKNKN-1136x1536.jpg 1136w, https:\/\/ecs-m1-d.sdw-reims.fr\/wp-gp3\/wp-content\/uploads\/2026\/02\/NCleKNKN.jpg 1515w\" sizes=\"(max-width: 758px) 100vw, 758px\" \/><span aria-hidden=\"true\" class=\"wp-block-cover__background has-background-dim-0 has-background-dim\" style=\"background-color:#828282\"><\/span><div class=\"wp-block-cover__inner-container is-layout-constrained wp-block-cover-is-layout-constrained\">\n<div style=\"height:var(--wp--preset--spacing--20)\" aria-hidden=\"true\" class=\"wp-block-spacer\"><\/div>\n<\/div><\/div>\n\n\n\n<p class=\"has-text-align-center\">Cendrier Laurent Perrier<\/p>\n\n\n\n<div class=\"wp-block-buttons is-content-justification-center is-layout-flex wp-container-core-buttons-is-layout-a89b3969 wp-block-buttons-is-layout-flex\">\n<div class=\"wp-block-button\"><a class=\"wp-block-button__link has-text-align-center wp-element-button\">Cliquez ici<\/a><\/div>\n<\/div>\n<\/div>\n\n\n\n<div class=\"wp-block-group is-vertical is-content-justification-stretch is-layout-flex wp-container-core-group-is-layout-353c4f5a wp-block-group-is-layout-flex\">\n<div class=\"wp-block-cover\"><img loading=\"lazy\" decoding=\"async\" width=\"515\" height=\"1024\" class=\"wp-block-cover__image-background wp-image-44 size-large\" alt=\"\" src=\"https:\/\/ecs-m1-d.sdw-reims.fr\/wp-gp3\/wp-content\/uploads\/2026\/02\/0CWb6VDT-1-515x1024.jpg\" data-object-fit=\"cover\" srcset=\"https:\/\/ecs-m1-d.sdw-reims.fr\/wp-gp3\/wp-content\/uploads\/2026\/02\/0CWb6VDT-1-515x1024.jpg 515w, https:\/\/ecs-m1-d.sdw-reims.fr\/wp-gp3\/wp-content\/uploads\/2026\/02\/0CWb6VDT-1-151x300.jpg 151w, https:\/\/ecs-m1-d.sdw-reims.fr\/wp-gp3\/wp-content\/uploads\/2026\/02\/0CWb6VDT-1-768x1529.jpg 768w, https:\/\/ecs-m1-d.sdw-reims.fr\/wp-gp3\/wp-content\/uploads\/2026\/02\/0CWb6VDT-1-772x1536.jpg 772w, https:\/\/ecs-m1-d.sdw-reims.fr\/wp-gp3\/wp-content\/uploads\/2026\/02\/0CWb6VDT-1.jpg 1029w\" sizes=\"(max-width: 515px) 100vw, 515px\" \/><span aria-hidden=\"true\" class=\"wp-block-cover__background has-background-dim-0 has-background-dim\" style=\"background-color:#d6bc98\"><\/span><div class=\"wp-block-cover__inner-container is-layout-constrained wp-block-cover-is-layout-constrained\">\n<div style=\"height:var(--wp--preset--spacing--20)\" aria-hidden=\"true\" class=\"wp-block-spacer\"><\/div>\n<\/div><\/div>\n\n\n\n<p class=\"has-text-align-center\">Lampe<\/p>\n\n\n\n<div class=\"wp-block-buttons is-content-justification-center is-layout-flex wp-container-core-buttons-is-layout-a89b3969 wp-block-buttons-is-layout-flex\">\n<div class=\"wp-block-button\"><a class=\"wp-block-button__link wp-element-button\">Cliquez ici<\/a><\/div>\n<\/div>\n<\/div>\n<\/div>\n\n\n\n<div class=\"wp-block-columns is-layout-flex wp-container-core-columns-is-layout-28f84493 wp-block-columns-is-layout-flex\">\n<div class=\"wp-block-column is-vertically-aligned-center is-layout-flow wp-block-column-is-layout-flow\"><\/div>\n<\/div>\n\n\n\n<p class=\"has-text-align-center\"><em><strong>\u00ab\u00a0On n&rsquo;ach\u00e8te pas un objet, on ach\u00e8te l&rsquo;histoire qu&rsquo;il raconte.\u00a0\u00bb<\/strong><\/em><\/p>\n<\/div>\n\n\n\n<div class=\"wp-block-group alignfull is-layout-constrained wp-block-group-is-layout-constrained\" style=\"margin-top:0;margin-bottom:0;padding-top:var(--wp--preset--spacing--50);padding-bottom:var(--wp--preset--spacing--50)\">\n<div class=\"wp-block-group alignwide is-layout-grid wp-container-core-group-is-layout-21f393a4 wp-block-group-is-layout-grid\">\n<figure class=\"wp-block-image size-full\"><img decoding=\"async\" src=\"https:\/\/ecs-m1-d.sdw-reims.fr\/wp-gp3\/wp-content\/themes\/twentytwentyfive\/assets\/images\/vash-gon-square.webp\" alt=\"Portrait de profil d\u2019une personne autochtone.\" style=\"aspect-ratio:1;object-fit:cover\"\/><\/figure>\n\n\n\n<figure class=\"wp-block-image size-full\"><img decoding=\"async\" src=\"https:\/\/ecs-m1-d.sdw-reims.fr\/wp-gp3\/wp-content\/themes\/twentytwentyfive\/assets\/images\/coral-square.webp\" alt=\"Vue des profondeurs de l\u2019oc\u00e9an.\" style=\"aspect-ratio:1;object-fit:cover\"\/><\/figure>\n\n\n\n<figure class=\"wp-block-image size-full\"><img decoding=\"async\" src=\"https:\/\/ecs-m1-d.sdw-reims.fr\/wp-gp3\/wp-content\/themes\/twentytwentyfive\/assets\/images\/agenda-img-4.webp\" alt=\"Portrait d\u2019une femme africaine v\u00eatue d\u2019un costume traditionnel, arborant des bijoux d\u00e9coratifs.\" style=\"aspect-ratio:1;object-fit:cover\"\/><\/figure>\n\n\n\n<figure class=\"wp-block-image size-full\"><img decoding=\"async\" src=\"https:\/\/ecs-m1-d.sdw-reims.fr\/wp-gp3\/wp-content\/themes\/twentytwentyfive\/assets\/images\/parthenon-square.webp\" alt=\"L\u2019Acropole d\u2019Ath\u00e8nes.\" style=\"aspect-ratio:1;object-fit:cover\"\/><\/figure>\n\n\n\n<figure class=\"wp-block-image size-full\"><img decoding=\"async\" src=\"https:\/\/ecs-m1-d.sdw-reims.fr\/wp-gp3\/wp-content\/themes\/twentytwentyfive\/assets\/images\/dallas-creek-square.webp\" alt=\"Gros plan sur deux fleurs sur fond sombre.\" style=\"aspect-ratio:1;object-fit:cover\"\/><\/figure>\n\n\n\n<figure class=\"wp-block-image size-full\"><img decoding=\"async\" src=\"https:\/\/ecs-m1-d.sdw-reims.fr\/wp-gp3\/wp-content\/themes\/twentytwentyfive\/assets\/images\/marshland-birds-square.webp\" alt=\"Des oiseaux sur un lac.\" style=\"aspect-ratio:1;object-fit:cover\"\/><\/figure>\n<\/div>\n<\/div>\n\n\n\n<div class=\"wp-block-buttons wp-container-content-69bc4bdf is-content-justification-center is-layout-flex wp-container-core-buttons-is-layout-a89b3969 wp-block-buttons-is-layout-flex\">\n<div class=\"wp-block-button\"><a class=\"wp-block-button__link wp-element-button\">Cliquez ici<\/a><\/div>\n<\/div>\n\n\n\n<h2 class=\"wp-block-heading has-text-align-center\"><strong>Pr\u00e9sentation des Maisons de Champagne <\/strong><\/h2>\n\n\n\n<p><strong>Maison champagne Mercier<\/strong><\/p>\n\n\n\n<figure class=\"wp-block-embed is-type-video is-provider-youtube wp-block-embed-youtube wp-embed-aspect-16-9 wp-has-aspect-ratio\"><div class=\"wp-block-embed__wrapper\">\n<iframe title=\"Visite de la Maison Mercier - Mus\u00e9e d&#039;Histoire de la Vie Quotidienne\" width=\"500\" height=\"281\" src=\"https:\/\/www.youtube.com\/embed\/U-Wxr-en-uQ?feature=oembed\" frameborder=\"0\" allow=\"accelerometer; autoplay; clipboard-write; encrypted-media; gyroscope; picture-in-picture; web-share\" referrerpolicy=\"strict-origin-when-cross-origin\" allowfullscreen><\/iframe>\n<\/div><\/figure>\n\n\n\n<p><strong>Maison champagne Joseph Perrier <\/strong><\/p>\n\n\n\n<figure class=\"wp-block-embed is-type-video is-provider-youtube wp-block-embed-youtube wp-embed-aspect-16-9 wp-has-aspect-ratio\"><div class=\"wp-block-embed__wrapper\">\n<iframe title=\"Champagne JOSEPH PERRIER - Pr\u00e9sentation de la maison familiale et historique\" width=\"500\" height=\"281\" src=\"https:\/\/www.youtube.com\/embed\/uxEeofO12Gs?feature=oembed\" frameborder=\"0\" allow=\"accelerometer; autoplay; clipboard-write; encrypted-media; gyroscope; picture-in-picture; web-share\" referrerpolicy=\"strict-origin-when-cross-origin\" allowfullscreen><\/iframe>\n<\/div><\/figure>\n\n\n\n<p><\/p>\n","protected":false},"excerpt":{"rendered":"<p>Explorez notre s\u00e9lection exclusive de pi\u00e8ces vintage authentiques, d\u00e9nich\u00e9es pour leur caract\u00e8re unique et leur patine charg\u00e9e d&rsquo;histoire, d\u00e9sormais disponibles [&hellip;]<\/p>\n","protected":false},"author":2,"featured_media":0,"parent":0,"menu_order":0,"comment_status":"closed","ping_status":"closed","template":"","meta":{"site-sidebar-layout":"default","site-content-layout":"","ast-site-content-layout":"default","site-content-style":"default","site-sidebar-style":"default","ast-global-header-display":"","ast-banner-title-visibility":"","ast-main-header-display":"","ast-hfb-above-header-display":"","ast-hfb-below-header-display":"","ast-hfb-mobile-header-display":"","site-post-title":"","ast-breadcrumbs-content":"","ast-featured-img":"","footer-sml-layout":"","ast-disable-related-posts":"","theme-transparent-header-meta":"","adv-header-id-meta":"","stick-header-meta":"","header-above-stick-meta":"","header-main-stick-meta":"","header-below-stick-meta":"","astra-migrate-meta-layouts":"default","ast-page-background-enabled":"default","ast-page-background-meta":{"desktop":{"background-color":"var(--ast-global-color-5)","background-image":"","background-repeat":"repeat","background-position":"center center","background-size":"auto","background-attachment":"scroll","background-type":"","background-media":"","overlay-type":"","overlay-color":"","overlay-opacity":"","overlay-gradient":""},"tablet":{"background-color":"","background-image":"","background-repeat":"repeat","background-position":"center center","background-size":"auto","background-attachment":"scroll","background-type":"","background-media":"","overlay-type":"","overlay-color":"","overlay-opacity":"","overlay-gradient":""},"mobile":{"background-color":"","background-image":"","background-repeat":"repeat","background-position":"center center","background-size":"auto","background-attachment":"scroll","background-type":"","background-media":"","overlay-type":"","overlay-color":"","overlay-opacity":"","overlay-gradient":""}},"ast-content-background-meta":{"desktop":{"background-color":"var(--ast-global-color-4)","background-image":"","background-repeat":"repeat","background-position":"center center","background-size":"auto","background-attachment":"scroll","background-type":"","background-media":"","overlay-type":"","overlay-color":"","overlay-opacity":"","overlay-gradient":""},"tablet":{"background-color":"var(--ast-global-color-4)","background-image":"","background-repeat":"repeat","background-position":"center center","background-size":"auto","background-attachment":"scroll","background-type":"","background-media":"","overlay-type":"","overlay-color":"","overlay-opacity":"","overlay-gradient":""},"mobile":{"background-color":"var(--ast-global-color-4)","background-image":"","background-repeat":"repeat","background-position":"center center","background-size":"auto","background-attachment":"scroll","background-type":"","background-media":"","overlay-type":"","overlay-color":"","overlay-opacity":"","overlay-gradient":""}},"footnotes":""},"class_list":["post-21","page","type-page","status-publish","hentry"],"_links":{"self":[{"href":"https:\/\/ecs-m1-d.sdw-reims.fr\/wp-gp3\/wp-json\/wp\/v2\/pages\/21","targetHints":{"allow":["GET"]}}],"collection":[{"href":"https:\/\/ecs-m1-d.sdw-reims.fr\/wp-gp3\/wp-json\/wp\/v2\/pages"}],"about":[{"href":"https:\/\/ecs-m1-d.sdw-reims.fr\/wp-gp3\/wp-json\/wp\/v2\/types\/page"}],"author":[{"embeddable":true,"href":"https:\/\/ecs-m1-d.sdw-reims.fr\/wp-gp3\/wp-json\/wp\/v2\/users\/2"}],"replies":[{"embeddable":true,"href":"https:\/\/ecs-m1-d.sdw-reims.fr\/wp-gp3\/wp-json\/wp\/v2\/comments?post=21"}],"version-history":[{"count":8,"href":"https:\/\/ecs-m1-d.sdw-reims.fr\/wp-gp3\/wp-json\/wp\/v2\/pages\/21\/revisions"}],"predecessor-version":[{"id":142,"href":"https:\/\/ecs-m1-d.sdw-reims.fr\/wp-gp3\/wp-json\/wp\/v2\/pages\/21\/revisions\/142"}],"wp:attachment":[{"href":"https:\/\/ecs-m1-d.sdw-reims.fr\/wp-gp3\/wp-json\/wp\/v2\/media?parent=21"}],"curies":[{"name":"wp","href":"https:\/\/api.w.org\/{rel}","templated":true}]}}