{"id":28,"date":"2026-02-26T09:41:41","date_gmt":"2026-02-26T08:41:41","guid":{"rendered":"https:\/\/ecs-m1-d.sdw-reims.fr\/wp-gp3\/?page_id=28"},"modified":"2026-03-11T09:42:00","modified_gmt":"2026-03-11T08:42:00","slug":"accueil","status":"publish","type":"page","link":"https:\/\/ecs-m1-d.sdw-reims.fr\/wp-gp3\/","title":{"rendered":"Accueil"},"content":{"rendered":"\n<div class=\"wp-block-group alignfull is-layout-constrained wp-container-core-group-is-layout-0c9c989a wp-block-group-is-layout-constrained\" style=\"min-height:0vh;margin-top:0;margin-bottom:0;padding-top:var(--wp--preset--spacing--70);padding-right:var(--wp--preset--spacing--40);padding-bottom:var(--wp--preset--spacing--70);padding-left:var(--wp--preset--spacing--40)\"><figure class=\"wp-block-post-featured-image\"><img fetchpriority=\"high\" decoding=\"async\" width=\"550\" height=\"402\" src=\"https:\/\/ecs-m1-d.sdw-reims.fr\/wp-gp3\/wp-content\/uploads\/2026\/03\/image-nynera.jpeg\" class=\"attachment-post-thumbnail size-post-thumbnail wp-post-image\" alt=\"\" style=\"object-fit:cover;\" srcset=\"https:\/\/ecs-m1-d.sdw-reims.fr\/wp-gp3\/wp-content\/uploads\/2026\/03\/image-nynera.jpeg 550w, https:\/\/ecs-m1-d.sdw-reims.fr\/wp-gp3\/wp-content\/uploads\/2026\/03\/image-nynera-300x219.jpeg 300w\" sizes=\"(max-width: 550px) 100vw, 550px\" \/><\/figure>\n\n\n<div class=\"wp-block-group is-layout-constrained wp-container-core-group-is-layout-346627ba wp-block-group-is-layout-constrained\">\n<h2 class=\"wp-block-heading has-text-align-center\" style=\"margin-right:0;margin-left:0;padding-right:0;padding-left:0;font-style:normal;font-weight:800;text-transform:uppercase\">DM &#8211; BROC&rsquo; <\/h2>\n\n\n\n<p class=\"has-text-align-center\">Retrouvez-moi lors des brocantes organis\u00e9es au domaine et profitez-en pour d\u00e9couvrir les cuv\u00e9es de Champagne Milan.<\/p>\n\n\n\n<div class=\"wp-block-buttons is-content-justification-center is-layout-flex wp-container-core-buttons-is-layout-a89b3969 wp-block-buttons-is-layout-flex\">\n<div class=\"wp-block-button\"><a class=\"wp-block-button__link wp-element-button\" href=\"https:\/\/www.champagne-milan.com\/\">En savoir plus<\/a><\/div>\n<\/div>\n<\/div>\n<\/div>\n\n\n\n<div class=\"wp-block-group alignfull is-style-section-1 is-layout-constrained wp-block-group-is-layout-constrained\" style=\"margin-top:0;margin-bottom:0;padding-top:var(--wp--preset--spacing--80);padding-bottom:var(--wp--preset--spacing--80)\">\n<div class=\"wp-block-columns alignwide is-layout-flex wp-container-core-columns-is-layout-66fad18a wp-block-columns-is-layout-flex\">\n<div class=\"wp-block-column is-layout-flow wp-block-column-is-layout-flow\" style=\"padding-right:var(--wp--preset--spacing--50);flex-basis:45%\">\n<figure class=\"wp-block-image size-large\"><img decoding=\"async\" width=\"473\" height=\"1024\" src=\"https:\/\/ecs-m1-d.sdw-reims.fr\/wp-gp3\/wp-content\/uploads\/2026\/02\/F5Bv36uq-473x1024.jpg\" alt=\"\" class=\"wp-image-109\" style=\"aspect-ratio:3\/4;object-fit:cover\" srcset=\"https:\/\/ecs-m1-d.sdw-reims.fr\/wp-gp3\/wp-content\/uploads\/2026\/02\/F5Bv36uq-473x1024.jpg 473w, https:\/\/ecs-m1-d.sdw-reims.fr\/wp-gp3\/wp-content\/uploads\/2026\/02\/F5Bv36uq-139x300.jpg 139w, https:\/\/ecs-m1-d.sdw-reims.fr\/wp-gp3\/wp-content\/uploads\/2026\/02\/F5Bv36uq-768x1663.jpg 768w, https:\/\/ecs-m1-d.sdw-reims.fr\/wp-gp3\/wp-content\/uploads\/2026\/02\/F5Bv36uq-710x1536.jpg 710w, https:\/\/ecs-m1-d.sdw-reims.fr\/wp-gp3\/wp-content\/uploads\/2026\/02\/F5Bv36uq.jpg 946w\" sizes=\"(max-width: 473px) 100vw, 473px\" \/><\/figure>\n<\/div>\n\n\n\n<div class=\"wp-block-column is-vertically-aligned-center is-layout-flow wp-block-column-is-layout-flow\" style=\"padding-right:0;padding-left:0;flex-basis:50%\">\n<div class=\"wp-block-group is-vertical is-layout-flex wp-container-core-group-is-layout-fe9cc265 wp-block-group-is-layout-flex\">\n<h2 class=\"wp-block-heading is-style-text-annotation\">\u00c0 propos<\/h2>\n<\/div>\n\n\n\n<p class=\"is-style-text-subtitle\">DM Brocanteur est un passionn\u00e9 du bois et des objets anciens. Titulaire d&rsquo;un CAP\/BEP en menuiserie, il a d\u00e9velopp\u00e9 d\u00e8s son plus jeune \u00e2ge un go\u00fbt pour la cr\u00e9ation et la transformation d&rsquo;objets. Pendant ses \u00e9tudes \u00e0 La R\u00e9union, il passait son temps libre \u00e0 fabriquer ses propres meubles, perfectionnant ainsi son savoir-faire artisanal et son amour des mat\u00e9riaux authentiques. <\/p>\n\n\n\n<div class=\"wp-block-buttons is-layout-flex wp-block-buttons-is-layout-flex\">\n<div class=\"wp-block-button\"><a class=\"wp-block-button__link wp-element-button\" href=\"https:\/\/ecs-m1-d.sdw-reims.fr\/wp-gp3\/en-savoir-plus\/\">En savoir plus <\/a><\/div>\n<\/div>\n<\/div>\n<\/div>\n<\/div>\n\n\n\n<div class=\"wp-block-group is-layout-constrained wp-block-group-is-layout-constrained\">\n<h2 class=\"wp-block-heading\">Une boutique vintage au coeur d&rsquo;un lieu unique <\/h2>\n\n\n\n<div class=\"wp-block-columns is-layout-flex wp-container-core-columns-is-layout-28f84493 wp-block-columns-is-layout-flex\">\n<div class=\"wp-block-column is-layout-flow wp-block-column-is-layout-flow\">\n<p class=\"has-text-align-center\"><strong>La boutique vintage <\/strong><\/p>\n\n\n\n<p>DM Brocanteur vous accueille dans sa petite boutique int\u00e9gr\u00e9e \u00e0 un lieu d&rsquo;exception : une authentique maison de champagne. Un cadre unique o\u00f9 se m\u00ealent histoire et passion, id\u00e9al pour d\u00e9couvrir une s\u00e9lection d&rsquo;objets vintage soigneusement chin\u00e9s. Vous y trouverez une collection vari\u00e9e de pi\u00e8ces embl\u00e9matiques des ann\u00e9es 80\/90, ainsi que des tr\u00e9sors li\u00e9s \u00e0 l&rsquo;univers du champagne : affiches, seaux \u00e0 champagne, verres, caisses en bois et bien plus encore.<\/p>\n<\/div>\n\n\n\n<div class=\"wp-block-column is-layout-flow wp-block-column-is-layout-flow\">\n<p class=\"has-text-align-center\"><strong>Horaires <\/strong><\/p>\n\n\n\n<ul class=\"wp-block-list\">\n<li><strong>Janvier et f\u00e9vrier : <\/strong>Ouverture sur demande les week-ends.<\/li>\n\n\n\n<li><strong>\u00c0 partir de mars : <\/strong>Ouvert plus fr\u00e9quemment les week-ends et certains jours en semaine selon disponibilit\u00e9. <\/li>\n<\/ul>\n\n\n\n<p>Envie de chiner dans un cadre hors de commun ? Contactez DM Brocanteur pour organiser votre visite !<\/p>\n\n\n\n<p>Contactez-nous pour plus d&rsquo;infos !<\/p>\n<\/div>\n<\/div>\n<\/div>\n\n\n\n<div class=\"wp-block-group alignfull is-layout-constrained wp-container-core-group-is-layout-ebee8dc1 wp-block-group-is-layout-constrained\" style=\"margin-top:0;margin-bottom:0;padding-top:var(--wp--preset--spacing--50);padding-bottom:var(--wp--preset--spacing--50)\">\n<h2 class=\"wp-block-heading alignwide\">Une journ\u00e9e type chez DM &#8211; Broc&rsquo; <\/h2>\n\n\n\n<p>Les week-ends sont des journ\u00e9es bien remplies, toujours en qu\u00eate de nouvelles p\u00e9pites \u00e0 d\u00e9nicher et \u00e0 partager. Voici un aper\u00e7u d&rsquo;une journ\u00e9e type : <\/p>\n\n\n\n<div class=\"wp-block-columns alignwide is-layout-flex wp-container-core-columns-is-layout-28f84493 wp-block-columns-is-layout-flex\">\n<div class=\"wp-block-column is-layout-flow wp-block-column-is-layout-flow\">\n<figure class=\"wp-block-image size-full\" style=\"margin-bottom:24px\"><img decoding=\"async\" width=\"2048\" height=\"1360\" src=\"https:\/\/ecs-m1-d.sdw-reims.fr\/wp-gp3\/wp-content\/uploads\/2026\/02\/VgJ-mV07-1.jpg\" alt=\"\" class=\"wp-image-117\" style=\"aspect-ratio:4\/3;object-fit:cover\" srcset=\"https:\/\/ecs-m1-d.sdw-reims.fr\/wp-gp3\/wp-content\/uploads\/2026\/02\/VgJ-mV07-1.jpg 2048w, https:\/\/ecs-m1-d.sdw-reims.fr\/wp-gp3\/wp-content\/uploads\/2026\/02\/VgJ-mV07-1-300x199.jpg 300w, https:\/\/ecs-m1-d.sdw-reims.fr\/wp-gp3\/wp-content\/uploads\/2026\/02\/VgJ-mV07-1-1024x680.jpg 1024w, https:\/\/ecs-m1-d.sdw-reims.fr\/wp-gp3\/wp-content\/uploads\/2026\/02\/VgJ-mV07-1-768x510.jpg 768w, https:\/\/ecs-m1-d.sdw-reims.fr\/wp-gp3\/wp-content\/uploads\/2026\/02\/VgJ-mV07-1-1536x1020.jpg 1536w\" sizes=\"(max-width: 2048px) 100vw, 2048px\" \/><\/figure>\n\n\n\n<h3 class=\"wp-block-heading\">Matin<\/h3>\n\n\n\n<ul class=\"wp-block-list\">\n<li>Consultation des annonces en ligne (Leboncoin, Marketplace, forums sp\u00e9cialis\u00e9s&#8230;)<\/li>\n\n\n\n<li>Rep\u00e9rage des objets int\u00e9ressants et prise de contact avec les vendeurs <\/li>\n\n\n\n<li>D\u00e9part pour chiner sur les brocantes, vides-greniers et autres points de vente locaux<\/li>\n\n\n\n<li>S\u00e9lection des meilleures trouvailles, en particulier des objets vintage des ann\u00e9es 80\/90 et des pi\u00e8ces li\u00e9es au monde du champagne<\/li>\n<\/ul>\n<\/div>\n\n\n\n<div class=\"wp-block-column is-layout-flow wp-block-column-is-layout-flow\">\n<figure class=\"wp-block-image size-full\" style=\"margin-bottom:24px\"><img loading=\"lazy\" decoding=\"async\" width=\"1152\" height=\"2048\" src=\"https:\/\/ecs-m1-d.sdw-reims.fr\/wp-gp3\/wp-content\/uploads\/2026\/02\/OZXWasF.jpg\" alt=\"\" class=\"wp-image-118\" style=\"aspect-ratio:4\/3;object-fit:cover\" srcset=\"https:\/\/ecs-m1-d.sdw-reims.fr\/wp-gp3\/wp-content\/uploads\/2026\/02\/OZXWasF.jpg 1152w, https:\/\/ecs-m1-d.sdw-reims.fr\/wp-gp3\/wp-content\/uploads\/2026\/02\/OZXWasF-169x300.jpg 169w, https:\/\/ecs-m1-d.sdw-reims.fr\/wp-gp3\/wp-content\/uploads\/2026\/02\/OZXWasF-576x1024.jpg 576w, https:\/\/ecs-m1-d.sdw-reims.fr\/wp-gp3\/wp-content\/uploads\/2026\/02\/OZXWasF-768x1365.jpg 768w, https:\/\/ecs-m1-d.sdw-reims.fr\/wp-gp3\/wp-content\/uploads\/2026\/02\/OZXWasF-864x1536.jpg 864w\" sizes=\"(max-width: 1152px) 100vw, 1152px\" \/><\/figure>\n\n\n\n<h3 class=\"wp-block-heading\">Apr\u00e8s-midi<\/h3>\n\n\n\n<ul class=\"wp-block-list\">\n<li>Rangement et mise en place des nouveaux objets dans la boutique <\/li>\n\n\n\n<li>Restauration l\u00e9g\u00e8re et modifications pour leur redonner une seconde vie<\/li>\n\n\n\n<li>Pr\u00e9paration et mise en ligne des annonces sur Leboncoin et les r\u00e9seaux sociaux <\/li>\n\n\n\n<li>R\u00e9ponse aux questions des acheteurs potentiels sur Facebook et les plateformes de vente<\/li>\n<\/ul>\n<\/div>\n\n\n\n<div class=\"wp-block-column is-layout-flow wp-block-column-is-layout-flow\">\n<figure class=\"wp-block-image size-full\" style=\"margin-bottom:24px\"><img loading=\"lazy\" decoding=\"async\" width=\"2048\" height=\"1143\" src=\"https:\/\/ecs-m1-d.sdw-reims.fr\/wp-gp3\/wp-content\/uploads\/2026\/02\/zhj3CMJc.jpg\" alt=\"\" class=\"wp-image-128\" style=\"aspect-ratio:4\/3;object-fit:cover\" srcset=\"https:\/\/ecs-m1-d.sdw-reims.fr\/wp-gp3\/wp-content\/uploads\/2026\/02\/zhj3CMJc.jpg 2048w, https:\/\/ecs-m1-d.sdw-reims.fr\/wp-gp3\/wp-content\/uploads\/2026\/02\/zhj3CMJc-300x167.jpg 300w, https:\/\/ecs-m1-d.sdw-reims.fr\/wp-gp3\/wp-content\/uploads\/2026\/02\/zhj3CMJc-1024x572.jpg 1024w, https:\/\/ecs-m1-d.sdw-reims.fr\/wp-gp3\/wp-content\/uploads\/2026\/02\/zhj3CMJc-768x429.jpg 768w, https:\/\/ecs-m1-d.sdw-reims.fr\/wp-gp3\/wp-content\/uploads\/2026\/02\/zhj3CMJc-1536x857.jpg 1536w\" sizes=\"(max-width: 2048px) 100vw, 2048px\" \/><\/figure>\n\n\n\n<h3 class=\"wp-block-heading\">Fin de soir\u00e9e <\/h3>\n\n\n\n<ul class=\"wp-block-list\">\n<li>Pr\u00e9paration des colis avec un emballage soign\u00e9 pour garantir la s\u00e9curit\u00e9 des objets <\/li>\n\n\n\n<li>Envoi des commandes dans les d\u00e9lais annonc\u00e9s <\/li>\n\n\n\n<li>Mise \u00e0 jour des stocks et ajustement des annonces en fonction des ventes <\/li>\n<\/ul>\n<\/div>\n<\/div>\n<\/div>\n\n\n\n<p><strong>Et toujours&#8230;la passion du vintage ! <\/strong><\/p>\n\n\n\n<p>DM Brocanteur est toujours \u00e0 la recherche de nouvelles trouvailles, non seulement pour sa boutique, mais aussi pour le plaisir personnel. Parfois, il garde une pi\u00e8ce coup de coeur, un objet qui r\u00e9sonne avec son histoire et sa passion. <\/p>\n\n\n\n<div class=\"wp-block-columns is-layout-flex wp-container-core-columns-is-layout-28f84493 wp-block-columns-is-layout-flex\">\n<div class=\"wp-block-column is-layout-flow wp-block-column-is-layout-flow\"><\/div>\n\n\n\n<div class=\"wp-block-column is-layout-flow wp-block-column-is-layout-flow\"><\/div>\n<\/div>\n\n\n\n<p><\/p>\n","protected":false},"excerpt":{"rendered":"<p>DM &#8211; BROC&rsquo; Retrouvez-moi lors des brocantes organis\u00e9es au domaine et profitez-en pour d\u00e9couvrir les cuv\u00e9es de Champagne Milan. \u00c0 [&hellip;]<\/p>\n","protected":false},"author":2,"featured_media":135,"parent":0,"menu_order":0,"comment_status":"closed","ping_status":"closed","template":"","meta":{"site-sidebar-layout":"default","site-content-layout":"","ast-site-content-layout":"default","site-content-style":"default","site-sidebar-style":"default","ast-global-header-display":"","ast-banner-title-visibility":"","ast-main-header-display":"","ast-hfb-above-header-display":"","ast-hfb-below-header-display":"","ast-hfb-mobile-header-display":"","site-post-title":"","ast-breadcrumbs-content":"","ast-featured-img":"","footer-sml-layout":"","ast-disable-related-posts":"","theme-transparent-header-meta":"","adv-header-id-meta":"","stick-header-meta":"","header-above-stick-meta":"","header-main-stick-meta":"","header-below-stick-meta":"","astra-migrate-meta-layouts":"default","ast-page-background-enabled":"default","ast-page-background-meta":{"desktop":{"background-color":"var(--ast-global-color-5)","background-image":"","background-repeat":"repeat","background-position":"center center","background-size":"auto","background-attachment":"scroll","background-type":"","background-media":"","overlay-type":"","overlay-color":"","overlay-opacity":"","overlay-gradient":""},"tablet":{"background-color":"","background-image":"","background-repeat":"repeat","background-position":"center center","background-size":"auto","background-attachment":"scroll","background-type":"","background-media":"","overlay-type":"","overlay-color":"","overlay-opacity":"","overlay-gradient":""},"mobile":{"background-color":"","background-image":"","background-repeat":"repeat","background-position":"center center","background-size":"auto","background-attachment":"scroll","background-type":"","background-media":"","overlay-type":"","overlay-color":"","overlay-opacity":"","overlay-gradient":""}},"ast-content-background-meta":{"desktop":{"background-color":"var(--ast-global-color-4)","background-image":"","background-repeat":"repeat","background-position":"center center","background-size":"auto","background-attachment":"scroll","background-type":"","background-media":"","overlay-type":"","overlay-color":"","overlay-opacity":"","overlay-gradient":""},"tablet":{"background-color":"var(--ast-global-color-4)","background-image":"","background-repeat":"repeat","background-position":"center center","background-size":"auto","background-attachment":"scroll","background-type":"","background-media":"","overlay-type":"","overlay-color":"","overlay-opacity":"","overlay-gradient":""},"mobile":{"background-color":"var(--ast-global-color-4)","background-image":"","background-repeat":"repeat","background-position":"center center","background-size":"auto","background-attachment":"scroll","background-type":"","background-media":"","overlay-type":"","overlay-color":"","overlay-opacity":"","overlay-gradient":""}},"footnotes":""},"class_list":["post-28","page","type-page","status-publish","has-post-thumbnail","hentry"],"_links":{"self":[{"href":"https:\/\/ecs-m1-d.sdw-reims.fr\/wp-gp3\/wp-json\/wp\/v2\/pages\/28","targetHints":{"allow":["GET"]}}],"collection":[{"href":"https:\/\/ecs-m1-d.sdw-reims.fr\/wp-gp3\/wp-json\/wp\/v2\/pages"}],"about":[{"href":"https:\/\/ecs-m1-d.sdw-reims.fr\/wp-gp3\/wp-json\/wp\/v2\/types\/page"}],"author":[{"embeddable":true,"href":"https:\/\/ecs-m1-d.sdw-reims.fr\/wp-gp3\/wp-json\/wp\/v2\/users\/2"}],"replies":[{"embeddable":true,"href":"https:\/\/ecs-m1-d.sdw-reims.fr\/wp-gp3\/wp-json\/wp\/v2\/comments?post=28"}],"version-history":[{"count":13,"href":"https:\/\/ecs-m1-d.sdw-reims.fr\/wp-gp3\/wp-json\/wp\/v2\/pages\/28\/revisions"}],"predecessor-version":[{"id":140,"href":"https:\/\/ecs-m1-d.sdw-reims.fr\/wp-gp3\/wp-json\/wp\/v2\/pages\/28\/revisions\/140"}],"wp:featuredmedia":[{"embeddable":true,"href":"https:\/\/ecs-m1-d.sdw-reims.fr\/wp-gp3\/wp-json\/wp\/v2\/media\/135"}],"wp:attachment":[{"href":"https:\/\/ecs-m1-d.sdw-reims.fr\/wp-gp3\/wp-json\/wp\/v2\/media?parent=28"}],"curies":[{"name":"wp","href":"https:\/\/api.w.org\/{rel}","templated":true}]}}