{"id":61,"date":"2026-02-26T09:41:49","date_gmt":"2026-02-26T08:41:49","guid":{"rendered":"https:\/\/ecs-m1-d.sdw-reims.fr\/wp-gp3\/?page_id=61"},"modified":"2026-03-11T11:54:53","modified_gmt":"2026-03-11T10:54:53","slug":"en-savoir-plus","status":"publish","type":"page","link":"https:\/\/ecs-m1-d.sdw-reims.fr\/wp-gp3\/en-savoir-plus\/","title":{"rendered":"En savoir plus"},"content":{"rendered":"<nav class=\"is-responsive wp-block-navigation is-layout-flex wp-block-navigation-is-layout-flex\" aria-label=\"Navigation\" \n\t\t data-wp-interactive=\"core\/navigation\" data-wp-context='{\"overlayOpenedBy\":{\"click\":false,\"hover\":false,\"focus\":false},\"type\":\"overlay\",\"roleAttribute\":\"\",\"ariaLabel\":\"Menu\"}'><button aria-haspopup=\"dialog\" aria-label=\"Ouvrir le menu\" class=\"wp-block-navigation__responsive-container-open\" \n\t\t\t\tdata-wp-on--click=\"actions.openMenuOnClick\"\n\t\t\t\tdata-wp-on--keydown=\"actions.handleMenuKeydown\"\n\t\t\t><svg width=\"24\" height=\"24\" xmlns=\"http:\/\/www.w3.org\/2000\/svg\" viewBox=\"0 0 24 24\" aria-hidden=\"true\" focusable=\"false\"><path d=\"M4 7.5h16v1.5H4z\"><\/path><path d=\"M4 15h16v1.5H4z\"><\/path><\/svg><\/button>\n\t\t\t\t<div class=\"wp-block-navigation__responsive-container\"  id=\"modal-1\" \n\t\t\t\tdata-wp-class--has-modal-open=\"state.isMenuOpen\"\n\t\t\t\tdata-wp-class--is-menu-open=\"state.isMenuOpen\"\n\t\t\t\tdata-wp-watch=\"callbacks.initMenu\"\n\t\t\t\tdata-wp-on--keydown=\"actions.handleMenuKeydown\"\n\t\t\t\tdata-wp-on--focusout=\"actions.handleMenuFocusout\"\n\t\t\t\ttabindex=\"-1\"\n\t\t\t>\n\t\t\t\t\t<div class=\"wp-block-navigation__responsive-close\" tabindex=\"-1\">\n\t\t\t\t\t\t<div class=\"wp-block-navigation__responsive-dialog\" \n\t\t\t\tdata-wp-bind--aria-modal=\"state.ariaModal\"\n\t\t\t\tdata-wp-bind--aria-label=\"state.ariaLabel\"\n\t\t\t\tdata-wp-bind--role=\"state.roleAttribute\"\n\t\t\t>\n\t\t\t\t\t\t\t<button aria-label=\"Fermer le menu\" class=\"wp-block-navigation__responsive-container-close\" \n\t\t\t\tdata-wp-on--click=\"actions.closeMenuOnClick\"\n\t\t\t><svg xmlns=\"http:\/\/www.w3.org\/2000\/svg\" viewBox=\"0 0 24 24\" width=\"24\" height=\"24\" aria-hidden=\"true\" focusable=\"false\"><path d=\"m13.06 12 6.47-6.47-1.06-1.06L12 10.94 5.53 4.47 4.47 5.53 10.94 12l-6.47 6.47 1.06 1.06L12 13.06l6.47 6.47 1.06-1.06L13.06 12Z\"><\/path><\/svg><\/button>\n\t\t\t\t\t\t\t<div class=\"wp-block-navigation__responsive-container-content\" \n\t\t\t\tdata-wp-watch=\"callbacks.focusFirstElement\"\n\t\t\t id=\"modal-1-content\">\n\t\t\t\t\t\t\t\t<ul class=\"wp-block-navigation__container is-responsive wp-block-navigation\"><ul class=\"wp-block-page-list\"><li class=\"wp-block-pages-list__item wp-block-navigation-item open-on-hover-click menu-item-home\"><a class=\"wp-block-pages-list__item__link wp-block-navigation-item__content\" href=\"https:\/\/ecs-m1-d.sdw-reims.fr\/wp-gp3\/\">Accueil<\/a><\/li><li class=\"wp-block-pages-list__item wp-block-navigation-item open-on-hover-click\"><a class=\"wp-block-pages-list__item__link wp-block-navigation-item__content\" href=\"https:\/\/ecs-m1-d.sdw-reims.fr\/wp-gp3\/en-savoir-plus\/\">En savoir plus<\/a><\/li><li class=\"wp-block-pages-list__item wp-block-navigation-item open-on-hover-click\"><a class=\"wp-block-pages-list__item__link wp-block-navigation-item__content\" href=\"https:\/\/ecs-m1-d.sdw-reims.fr\/wp-gp3\/page-boutique\/\">Page boutique<\/a><\/li><\/ul><\/ul>\n\t\t\t\t\t\t\t<\/div>\n\t\t\t\t\t\t<\/div>\n\t\t\t\t\t<\/div>\n\t\t\t\t<\/div><\/nav>\n\n\n\n\n<h2 class=\"wp-block-heading\">Son histoire <\/h2>\n\n\n\n<div class=\"wp-block-group is-nowrap is-layout-flex wp-container-core-group-is-layout-6c531013 wp-block-group-is-layout-flex\">\n<p>En 2006, il devient commer\u00e7ant ind\u00e9pendant, une exp\u00e9rience qui lui permet de<br>d\u00e9velopper ses comp\u00e9tences en gestion et en relation client. Apr\u00e8s plusieurs<br>ann\u00e9es dans le commerce, il fait une pause en 2011 avant de se consacrer<br>pleinement \u00e0 sa v\u00e9ritable passion : la brocante. Depuis fin 2020, il exerce en tant<br>que brocanteur professionnel et a su construire un solide r\u00e9seau aupr\u00e8s d\u2019autres<br>brocanteurs et antiquaires.<\/p>\n\n\n<\/div>\n\n\n\n<div class=\"wp-block-group is-nowrap is-layout-flex wp-container-core-group-is-layout-6c531013 wp-block-group-is-layout-flex\">\n<figure class=\"wp-block-image size-large\"><img fetchpriority=\"high\" decoding=\"async\" width=\"810\" height=\"1024\" src=\"https:\/\/ecs-m1-d.sdw-reims.fr\/wp-gp3\/wp-content\/uploads\/2026\/02\/Z5Z79wa-810x1024.jpg\" alt=\"\" class=\"wp-image-90\" style=\"aspect-ratio:4\/3;object-fit:cover\" srcset=\"https:\/\/ecs-m1-d.sdw-reims.fr\/wp-gp3\/wp-content\/uploads\/2026\/02\/Z5Z79wa-810x1024.jpg 810w, https:\/\/ecs-m1-d.sdw-reims.fr\/wp-gp3\/wp-content\/uploads\/2026\/02\/Z5Z79wa-237x300.jpg 237w, https:\/\/ecs-m1-d.sdw-reims.fr\/wp-gp3\/wp-content\/uploads\/2026\/02\/Z5Z79wa-768x972.jpg 768w, https:\/\/ecs-m1-d.sdw-reims.fr\/wp-gp3\/wp-content\/uploads\/2026\/02\/Z5Z79wa-1214x1536.jpg 1214w, https:\/\/ecs-m1-d.sdw-reims.fr\/wp-gp3\/wp-content\/uploads\/2026\/02\/Z5Z79wa.jpg 1619w\" sizes=\"(max-width: 810px) 100vw, 810px\" \/><\/figure>\n\n\n\n<p>Ce qui \u00e9tait autrefois un loisir du week-end \u2013 chiner des tr\u00e9sors oubli\u00e9s sur les<br>march\u00e9s et brocantes \u2013 est aujourd\u2019hui devenu son m\u00e9tier. Sp\u00e9cialiste des objets<br>vintage des ann\u00e9es 80\/90 et des accessoires li\u00e9s au monde du champagne, il aime<br>redonner une seconde vie aux objets et r\u00e9pondre aux besoins de ses clients, qu\u2019ils<br>soient collectionneurs, amateurs de d\u00e9coration ou simplement en qu\u00eate d\u2019une<br>pi\u00e8ce unique<\/p>\n<\/div>\n\n\n\n<p class=\"has-text-align-center\"><a href=\"https:\/\/www.facebook.com\/profile.php?id=61564039251775#\">Contactez DM Brocanteur d\u00e8s maintenant pour d\u00e9couvrir ses trouvailles et donner une nouvelle histoire \u00e0 vos objets ! <\/a><\/p>\n\n\n\n<div class=\"wp-block-columns is-layout-flex wp-container-core-columns-is-layout-28f84493 wp-block-columns-is-layout-flex\">\n<div class=\"wp-block-column is-layout-flow wp-block-column-is-layout-flow\" style=\"flex-basis:66.66%\">\n<figure class=\"wp-block-image size-large\"><img decoding=\"async\" width=\"980\" height=\"1024\" src=\"https:\/\/ecs-m1-d.sdw-reims.fr\/wp-gp3\/wp-content\/uploads\/2026\/02\/bTbtvn3W-980x1024.jpg\" alt=\"\" class=\"wp-image-92\" style=\"aspect-ratio:4\/3;object-fit:cover\" srcset=\"https:\/\/ecs-m1-d.sdw-reims.fr\/wp-gp3\/wp-content\/uploads\/2026\/02\/bTbtvn3W-980x1024.jpg 980w, https:\/\/ecs-m1-d.sdw-reims.fr\/wp-gp3\/wp-content\/uploads\/2026\/02\/bTbtvn3W-287x300.jpg 287w, https:\/\/ecs-m1-d.sdw-reims.fr\/wp-gp3\/wp-content\/uploads\/2026\/02\/bTbtvn3W-768x803.jpg 768w, https:\/\/ecs-m1-d.sdw-reims.fr\/wp-gp3\/wp-content\/uploads\/2026\/02\/bTbtvn3W.jpg 1174w\" sizes=\"(max-width: 980px) 100vw, 980px\" \/><\/figure>\n<\/div>\n\n\n\n<div class=\"wp-block-column is-layout-flow wp-block-column-is-layout-flow\" style=\"flex-basis:33.33%\">\n<figure class=\"wp-block-image size-large\"><img decoding=\"async\" width=\"779\" height=\"1024\" src=\"https:\/\/ecs-m1-d.sdw-reims.fr\/wp-gp3\/wp-content\/uploads\/2026\/02\/hftYzy1-779x1024.jpg\" alt=\"\" class=\"wp-image-97\" style=\"aspect-ratio:3\/4;object-fit:cover\" srcset=\"https:\/\/ecs-m1-d.sdw-reims.fr\/wp-gp3\/wp-content\/uploads\/2026\/02\/hftYzy1-779x1024.jpg 779w, https:\/\/ecs-m1-d.sdw-reims.fr\/wp-gp3\/wp-content\/uploads\/2026\/02\/hftYzy1-228x300.jpg 228w, https:\/\/ecs-m1-d.sdw-reims.fr\/wp-gp3\/wp-content\/uploads\/2026\/02\/hftYzy1-768x1010.jpg 768w, https:\/\/ecs-m1-d.sdw-reims.fr\/wp-gp3\/wp-content\/uploads\/2026\/02\/hftYzy1-1169x1536.jpg 1169w, https:\/\/ecs-m1-d.sdw-reims.fr\/wp-gp3\/wp-content\/uploads\/2026\/02\/hftYzy1.jpg 1558w\" sizes=\"(max-width: 779px) 100vw, 779px\" \/><\/figure>\n<\/div>\n<\/div>\n\n\n\n<h2 class=\"wp-block-heading\"><strong>D\u00e9couvrez nos disponibilit\u00e9s <\/strong><\/h2>\n\n\n<div class=\"alignwide wp-block-calendar\"><table id=\"wp-calendar\" class=\"wp-calendar-table\">\n\t<caption>avril 2026<\/caption>\n\t<thead>\n\t<tr>\n\t\t<th scope=\"col\" aria-label=\"lundi\">L<\/th>\n\t\t<th scope=\"col\" aria-label=\"mardi\">M<\/th>\n\t\t<th scope=\"col\" aria-label=\"mercredi\">M<\/th>\n\t\t<th scope=\"col\" aria-label=\"jeudi\">J<\/th>\n\t\t<th scope=\"col\" aria-label=\"vendredi\">V<\/th>\n\t\t<th scope=\"col\" aria-label=\"samedi\">S<\/th>\n\t\t<th scope=\"col\" aria-label=\"dimanche\">D<\/th>\n\t<\/tr>\n\t<\/thead>\n\t<tbody>\n\t<tr>\n\t\t<td colspan=\"2\" class=\"pad\">&nbsp;<\/td><td>1<\/td><td>2<\/td><td>3<\/td><td>4<\/td><td>5<\/td>\n\t<\/tr>\n\t<tr>\n\t\t<td>6<\/td><td>7<\/td><td>8<\/td><td>9<\/td><td>10<\/td><td>11<\/td><td>12<\/td>\n\t<\/tr>\n\t<tr>\n\t\t<td>13<\/td><td>14<\/td><td>15<\/td><td>16<\/td><td>17<\/td><td>18<\/td><td>19<\/td>\n\t<\/tr>\n\t<tr>\n\t\t<td>20<\/td><td>21<\/td><td>22<\/td><td>23<\/td><td>24<\/td><td>25<\/td><td>26<\/td>\n\t<\/tr>\n\t<tr>\n\t\t<td>27<\/td><td>28<\/td><td>29<\/td><td id=\"today\">30<\/td>\n\t\t<td class=\"pad\" colspan=\"3\">&nbsp;<\/td>\n\t<\/tr>\n\t<\/tbody>\n\t<\/table><nav aria-label=\"Mois pr\u00e9c\u00e9dents et suivants\" class=\"wp-calendar-nav\">\n\t\t<span class=\"wp-calendar-nav-prev\"><a href=\"https:\/\/ecs-m1-d.sdw-reims.fr\/wp-gp3\/2026\/02\/\">&laquo; F\u00e9v<\/a><\/span>\n\t\t<span class=\"pad\">&nbsp;<\/span>\n\t\t<span class=\"wp-calendar-nav-next\">&nbsp;<\/span>\n\t<\/nav><\/div>\n\n\n<p><\/p>\n","protected":false},"excerpt":{"rendered":"<p>Son histoire En 2006, il devient commer\u00e7ant ind\u00e9pendant, une exp\u00e9rience qui lui permet ded\u00e9velopper ses comp\u00e9tences en gestion et en [&hellip;]<\/p>\n","protected":false},"author":2,"featured_media":0,"parent":0,"menu_order":0,"comment_status":"closed","ping_status":"closed","template":"","meta":{"site-sidebar-layout":"default","site-content-layout":"","ast-site-content-layout":"default","site-content-style":"default","site-sidebar-style":"default","ast-global-header-display":"","ast-banner-title-visibility":"","ast-main-header-display":"","ast-hfb-above-header-display":"","ast-hfb-below-header-display":"","ast-hfb-mobile-header-display":"","site-post-title":"","ast-breadcrumbs-content":"","ast-featured-img":"","footer-sml-layout":"","ast-disable-related-posts":"","theme-transparent-header-meta":"","adv-header-id-meta":"","stick-header-meta":"","header-above-stick-meta":"","header-main-stick-meta":"","header-below-stick-meta":"","astra-migrate-meta-layouts":"default","ast-page-background-enabled":"default","ast-page-background-meta":{"desktop":{"background-color":"var(--ast-global-color-5)","background-image":"","background-repeat":"repeat","background-position":"center center","background-size":"auto","background-attachment":"scroll","background-type":"","background-media":"","overlay-type":"","overlay-color":"","overlay-opacity":"","overlay-gradient":""},"tablet":{"background-color":"","background-image":"","background-repeat":"repeat","background-position":"center center","background-size":"auto","background-attachment":"scroll","background-type":"","background-media":"","overlay-type":"","overlay-color":"","overlay-opacity":"","overlay-gradient":""},"mobile":{"background-color":"","background-image":"","background-repeat":"repeat","background-position":"center center","background-size":"auto","background-attachment":"scroll","background-type":"","background-media":"","overlay-type":"","overlay-color":"","overlay-opacity":"","overlay-gradient":""}},"ast-content-background-meta":{"desktop":{"background-color":"var(--ast-global-color-4)","background-image":"","background-repeat":"repeat","background-position":"center center","background-size":"auto","background-attachment":"scroll","background-type":"","background-media":"","overlay-type":"","overlay-color":"","overlay-opacity":"","overlay-gradient":""},"tablet":{"background-color":"var(--ast-global-color-4)","background-image":"","background-repeat":"repeat","background-position":"center center","background-size":"auto","background-attachment":"scroll","background-type":"","background-media":"","overlay-type":"","overlay-color":"","overlay-opacity":"","overlay-gradient":""},"mobile":{"background-color":"var(--ast-global-color-4)","background-image":"","background-repeat":"repeat","background-position":"center center","background-size":"auto","background-attachment":"scroll","background-type":"","background-media":"","overlay-type":"","overlay-color":"","overlay-opacity":"","overlay-gradient":""}},"footnotes":""},"class_list":["post-61","page","type-page","status-publish","hentry"],"_links":{"self":[{"href":"https:\/\/ecs-m1-d.sdw-reims.fr\/wp-gp3\/wp-json\/wp\/v2\/pages\/61","targetHints":{"allow":["GET"]}}],"collection":[{"href":"https:\/\/ecs-m1-d.sdw-reims.fr\/wp-gp3\/wp-json\/wp\/v2\/pages"}],"about":[{"href":"https:\/\/ecs-m1-d.sdw-reims.fr\/wp-gp3\/wp-json\/wp\/v2\/types\/page"}],"author":[{"embeddable":true,"href":"https:\/\/ecs-m1-d.sdw-reims.fr\/wp-gp3\/wp-json\/wp\/v2\/users\/2"}],"replies":[{"embeddable":true,"href":"https:\/\/ecs-m1-d.sdw-reims.fr\/wp-gp3\/wp-json\/wp\/v2\/comments?post=61"}],"version-history":[{"count":8,"href":"https:\/\/ecs-m1-d.sdw-reims.fr\/wp-gp3\/wp-json\/wp\/v2\/pages\/61\/revisions"}],"predecessor-version":[{"id":146,"href":"https:\/\/ecs-m1-d.sdw-reims.fr\/wp-gp3\/wp-json\/wp\/v2\/pages\/61\/revisions\/146"}],"wp:attachment":[{"href":"https:\/\/ecs-m1-d.sdw-reims.fr\/wp-gp3\/wp-json\/wp\/v2\/media?parent=61"}],"curies":[{"name":"wp","href":"https:\/\/api.w.org\/{rel}","templated":true}]}}