{"id":82,"date":"2026-03-11T11:09:11","date_gmt":"2026-03-11T10:09:11","guid":{"rendered":"https:\/\/ecs-m1-d.sdw-reims.fr\/wp-gp6\/?page_id=82"},"modified":"2026-04-20T09:11:59","modified_gmt":"2026-04-20T07:11:59","slug":"blog-2","status":"publish","type":"page","link":"https:\/\/ecs-m1-d.sdw-reims.fr\/wp-gp6\/?page_id=82","title":{"rendered":"Blog"},"content":{"rendered":"\t\t<div data-elementor-type=\"wp-page\" data-elementor-id=\"82\" class=\"elementor elementor-82\" data-elementor-post-type=\"page\">\n\t\t\t\t<div class=\"elementor-element elementor-element-5dfc81c e-flex e-con-boxed e-con e-parent\" data-id=\"5dfc81c\" data-element_type=\"container\" data-e-type=\"container\">\n\t\t\t\t\t<div class=\"e-con-inner\">\n\t\t\t\t<div class=\"elementor-element elementor-element-e53ddb9 elementor-widget elementor-widget-wp-widget-recent-posts\" data-id=\"e53ddb9\" data-element_type=\"widget\" data-e-type=\"widget\" data-widget_type=\"wp-widget-recent-posts.default\">\n\t\t\t\t<div class=\"elementor-widget-container\">\n\t\t\t\t\t\n\t\t\n\t\t<h5>Les plus r\u00e9cents<\/h5>\n\t\t<ul>\n\t\t\t\t\t\t\t\t\t\t\t<li>\n\t\t\t\t\t<a href=\"https:\/\/ecs-m1-d.sdw-reims.fr\/wp-gp6\/?p=222\">Pourquoi acheter ses objets de brocante en ligne ?<\/a>\n\t\t\t\t\t\t\t\t\t<\/li>\n\t\t\t\t\t\t\t\t\t\t\t<li>\n\t\t\t\t\t<a href=\"https:\/\/ecs-m1-d.sdw-reims.fr\/wp-gp6\/?p=220\">Comment int\u00e9grer des objets anciens dans une d\u00e9coration moderne ?<\/a>\n\t\t\t\t\t\t\t\t\t<\/li>\n\t\t\t\t\t\t\t\t\t\t\t<li>\n\t\t\t\t\t<a href=\"https:\/\/ecs-m1-d.sdw-reims.fr\/wp-gp6\/?p=218\">Les objets de brocante les plus recherch\u00e9s<\/a>\n\t\t\t\t\t\t\t\t\t<\/li>\n\t\t\t\t\t\t\t\t\t\t\t<li>\n\t\t\t\t\t<a href=\"https:\/\/ecs-m1-d.sdw-reims.fr\/wp-gp6\/?p=216\">Pourquoi d\u00e9corer sa maison avec des objets de brocante ?<\/a>\n\t\t\t\t\t\t\t\t\t<\/li>\n\t\t\t\t\t\t\t\t\t\t\t<li>\n\t\t\t\t\t<a href=\"https:\/\/ecs-m1-d.sdw-reims.fr\/wp-gp6\/?p=214\">Comment reconna\u00eetre un objet vraiment vintage ?<\/a>\n\t\t\t\t\t\t\t\t\t<\/li>\n\t\t\t\t\t<\/ul>\n\n\t\t\t\t\t\t<\/div>\n\t\t\t\t<\/div>\n\t\t\t\t\t<\/div>\n\t\t\t\t<\/div>\n\t\t<div class=\"elementor-element elementor-element-cf05980 e-flex e-con-boxed e-con e-parent\" data-id=\"cf05980\" data-element_type=\"container\" data-e-type=\"container\">\n\t\t\t\t\t<div class=\"e-con-inner\">\n\t\t\t\t<div class=\"elementor-element elementor-element-3ad3b5b elementor-grid-2 elementor-grid-tablet-2 elementor-grid-mobile-1 elementor-posts--thumbnail-top elementor-posts--show-avatar elementor-card-shadow-yes elementor-posts__hover-gradient elementor-widget elementor-widget-posts\" data-id=\"3ad3b5b\" data-element_type=\"widget\" data-e-type=\"widget\" data-settings=\"{&quot;cards_columns&quot;:&quot;2&quot;,&quot;cards_columns_tablet&quot;:&quot;2&quot;,&quot;cards_columns_mobile&quot;:&quot;1&quot;,&quot;cards_row_gap&quot;:{&quot;unit&quot;:&quot;px&quot;,&quot;size&quot;:35,&quot;sizes&quot;:[]},&quot;cards_row_gap_tablet&quot;:{&quot;unit&quot;:&quot;px&quot;,&quot;size&quot;:&quot;&quot;,&quot;sizes&quot;:[]},&quot;cards_row_gap_mobile&quot;:{&quot;unit&quot;:&quot;px&quot;,&quot;size&quot;:&quot;&quot;,&quot;sizes&quot;:[]}}\" data-widget_type=\"posts.cards\">\n\t\t\t\t<div class=\"elementor-widget-container\">\n\t\t\t\t\t\t\t<div class=\"elementor-posts-container elementor-posts elementor-posts--skin-cards elementor-grid\" role=\"list\">\n\t\t\t\t<article class=\"elementor-post elementor-grid-item post-222 post type-post status-publish format-standard has-post-thumbnail hentry category-objets-trouvailles\" role=\"listitem\">\n\t\t\t<div class=\"elementor-post__card\">\n\t\t\t\t<a class=\"elementor-post__thumbnail__link\" href=\"https:\/\/ecs-m1-d.sdw-reims.fr\/wp-gp6\/?p=222\" tabindex=\"-1\" ><div class=\"elementor-post__thumbnail\"><img fetchpriority=\"high\" decoding=\"async\" width=\"300\" height=\"169\" src=\"https:\/\/ecs-m1-d.sdw-reims.fr\/wp-gp6\/wp-content\/uploads\/2026\/03\/0f79697d44d6b3167f0715b46b011567-300x169.webp\" class=\"attachment-medium size-medium wp-image-256\" alt=\"\" srcset=\"https:\/\/ecs-m1-d.sdw-reims.fr\/wp-gp6\/wp-content\/uploads\/2026\/03\/0f79697d44d6b3167f0715b46b011567-300x169.webp 300w, https:\/\/ecs-m1-d.sdw-reims.fr\/wp-gp6\/wp-content\/uploads\/2026\/03\/0f79697d44d6b3167f0715b46b011567-1024x576.webp 1024w, https:\/\/ecs-m1-d.sdw-reims.fr\/wp-gp6\/wp-content\/uploads\/2026\/03\/0f79697d44d6b3167f0715b46b011567-768x432.webp 768w, https:\/\/ecs-m1-d.sdw-reims.fr\/wp-gp6\/wp-content\/uploads\/2026\/03\/0f79697d44d6b3167f0715b46b011567.webp 1242w\" sizes=\"(max-width: 300px) 100vw, 300px\" \/><\/div><\/a>\n\t\t\t\t<div class=\"elementor-post__badge\">Objets &amp; trouvailles<\/div>\n\t\t\t\t<div class=\"elementor-post__avatar\">\n\t\t\t<img alt='Tiphany' src='https:\/\/secure.gravatar.com\/avatar\/40f8254717cd4104f5f065df60b7fe95633a39eea819d7faec472aabbcc193cc?s=128&#038;d=mm&#038;r=g' srcset='https:\/\/secure.gravatar.com\/avatar\/40f8254717cd4104f5f065df60b7fe95633a39eea819d7faec472aabbcc193cc?s=256&#038;d=mm&#038;r=g 2x' class='avatar avatar-128 photo' height='128' width='128' \/>\t\t<\/div>\n\t\t\t\t<div class=\"elementor-post__text\">\n\t\t\t\t<h3 class=\"elementor-post__title\">\n\t\t\t<a href=\"https:\/\/ecs-m1-d.sdw-reims.fr\/wp-gp6\/?p=222\" >\n\t\t\t\tPourquoi acheter ses objets de brocante en ligne ?\t\t\t<\/a>\n\t\t<\/h3>\n\t\t\t\t<div class=\"elementor-post__excerpt\">\n\t\t\t<p>Aujourd\u2019hui, il est possible de chiner sans quitter son canap\u00e9. Les boutiques de brocante en ligne permettent de d\u00e9couvrir des objets<\/p>\n\t\t<\/div>\n\t\t\n\t\t<a class=\"elementor-post__read-more\" href=\"https:\/\/ecs-m1-d.sdw-reims.fr\/wp-gp6\/?p=222\" aria-label=\"En savoir plus sur Pourquoi acheter ses objets de brocante en ligne ?\" tabindex=\"-1\" >\n\t\t\tLire la suite \u00bb\t\t<\/a>\n\n\t\t\t\t<\/div>\n\t\t\t\t<div class=\"elementor-post__meta-data\">\n\t\t\t\t\t<span class=\"elementor-post-date\">\n\t\t\t11 mars, 2026\t\t<\/span>\n\t\t\t\t<span class=\"elementor-post-avatar\">\n\t\t\tAucun commentaire\t\t<\/span>\n\t\t\t\t<\/div>\n\t\t\t\t\t<\/div>\n\t\t<\/article>\n\t\t\t\t<article class=\"elementor-post elementor-grid-item post-220 post type-post status-publish format-standard has-post-thumbnail hentry category-decoration-vintage\" role=\"listitem\">\n\t\t\t<div class=\"elementor-post__card\">\n\t\t\t\t<a class=\"elementor-post__thumbnail__link\" href=\"https:\/\/ecs-m1-d.sdw-reims.fr\/wp-gp6\/?p=220\" tabindex=\"-1\" ><div class=\"elementor-post__thumbnail\"><img decoding=\"async\" width=\"300\" height=\"300\" src=\"https:\/\/ecs-m1-d.sdw-reims.fr\/wp-gp6\/wp-content\/uploads\/2026\/03\/hbx030118buzz05-66f3009999065-300x300.jpg\" class=\"attachment-medium size-medium wp-image-260\" alt=\"\" srcset=\"https:\/\/ecs-m1-d.sdw-reims.fr\/wp-gp6\/wp-content\/uploads\/2026\/03\/hbx030118buzz05-66f3009999065-300x300.jpg 300w, https:\/\/ecs-m1-d.sdw-reims.fr\/wp-gp6\/wp-content\/uploads\/2026\/03\/hbx030118buzz05-66f3009999065-150x150.jpg 150w, https:\/\/ecs-m1-d.sdw-reims.fr\/wp-gp6\/wp-content\/uploads\/2026\/03\/hbx030118buzz05-66f3009999065.avif 640w\" sizes=\"(max-width: 300px) 100vw, 300px\" \/><\/div><\/a>\n\t\t\t\t<div class=\"elementor-post__badge\">D\u00e9coration vintage<\/div>\n\t\t\t\t<div class=\"elementor-post__avatar\">\n\t\t\t<img alt='Tiphany' src='https:\/\/secure.gravatar.com\/avatar\/40f8254717cd4104f5f065df60b7fe95633a39eea819d7faec472aabbcc193cc?s=128&#038;d=mm&#038;r=g' srcset='https:\/\/secure.gravatar.com\/avatar\/40f8254717cd4104f5f065df60b7fe95633a39eea819d7faec472aabbcc193cc?s=256&#038;d=mm&#038;r=g 2x' class='avatar avatar-128 photo' height='128' width='128' \/>\t\t<\/div>\n\t\t\t\t<div class=\"elementor-post__text\">\n\t\t\t\t<h3 class=\"elementor-post__title\">\n\t\t\t<a href=\"https:\/\/ecs-m1-d.sdw-reims.fr\/wp-gp6\/?p=220\" >\n\t\t\t\tComment int\u00e9grer des objets anciens dans une d\u00e9coration moderne ?\t\t\t<\/a>\n\t\t<\/h3>\n\t\t\t\t<div class=\"elementor-post__excerpt\">\n\t\t\t<p>M\u00e9langer ancien et moderne est une tendance tr\u00e8s populaire en d\u00e9coration int\u00e9rieure. M\u00e9langer les styles Un objet ancien peut parfaitement trouver<\/p>\n\t\t<\/div>\n\t\t\n\t\t<a class=\"elementor-post__read-more\" href=\"https:\/\/ecs-m1-d.sdw-reims.fr\/wp-gp6\/?p=220\" aria-label=\"En savoir plus sur Comment int\u00e9grer des objets anciens dans une d\u00e9coration moderne ?\" tabindex=\"-1\" >\n\t\t\tLire la suite \u00bb\t\t<\/a>\n\n\t\t\t\t<\/div>\n\t\t\t\t<div class=\"elementor-post__meta-data\">\n\t\t\t\t\t<span class=\"elementor-post-date\">\n\t\t\t11 mars, 2026\t\t<\/span>\n\t\t\t\t<span class=\"elementor-post-avatar\">\n\t\t\tAucun commentaire\t\t<\/span>\n\t\t\t\t<\/div>\n\t\t\t\t\t<\/div>\n\t\t<\/article>\n\t\t\t\t<article class=\"elementor-post elementor-grid-item post-218 post type-post status-publish format-standard has-post-thumbnail hentry category-conseils-brocante\" role=\"listitem\">\n\t\t\t<div class=\"elementor-post__card\">\n\t\t\t\t<a class=\"elementor-post__thumbnail__link\" href=\"https:\/\/ecs-m1-d.sdw-reims.fr\/wp-gp6\/?p=218\" tabindex=\"-1\" ><div class=\"elementor-post__thumbnail\"><img decoding=\"async\" width=\"300\" height=\"300\" src=\"https:\/\/ecs-m1-d.sdw-reims.fr\/wp-gp6\/wp-content\/uploads\/2026\/03\/01_70a17b92-ad1e-4e33-b0fd-77e22bebdfb6-300x300.webp\" class=\"attachment-medium size-medium wp-image-257\" alt=\"\" srcset=\"https:\/\/ecs-m1-d.sdw-reims.fr\/wp-gp6\/wp-content\/uploads\/2026\/03\/01_70a17b92-ad1e-4e33-b0fd-77e22bebdfb6-300x300.webp 300w, https:\/\/ecs-m1-d.sdw-reims.fr\/wp-gp6\/wp-content\/uploads\/2026\/03\/01_70a17b92-ad1e-4e33-b0fd-77e22bebdfb6-150x150.webp 150w, https:\/\/ecs-m1-d.sdw-reims.fr\/wp-gp6\/wp-content\/uploads\/2026\/03\/01_70a17b92-ad1e-4e33-b0fd-77e22bebdfb6.webp 480w\" sizes=\"(max-width: 300px) 100vw, 300px\" \/><\/div><\/a>\n\t\t\t\t<div class=\"elementor-post__badge\">Conseils brocante<\/div>\n\t\t\t\t<div class=\"elementor-post__avatar\">\n\t\t\t<img alt='Tiphany' src='https:\/\/secure.gravatar.com\/avatar\/40f8254717cd4104f5f065df60b7fe95633a39eea819d7faec472aabbcc193cc?s=128&#038;d=mm&#038;r=g' srcset='https:\/\/secure.gravatar.com\/avatar\/40f8254717cd4104f5f065df60b7fe95633a39eea819d7faec472aabbcc193cc?s=256&#038;d=mm&#038;r=g 2x' class='avatar avatar-128 photo' height='128' width='128' \/>\t\t<\/div>\n\t\t\t\t<div class=\"elementor-post__text\">\n\t\t\t\t<h3 class=\"elementor-post__title\">\n\t\t\t<a href=\"https:\/\/ecs-m1-d.sdw-reims.fr\/wp-gp6\/?p=218\" >\n\t\t\t\tLes objets de brocante les plus recherch\u00e9s\t\t\t<\/a>\n\t\t<\/h3>\n\t\t\t\t<div class=\"elementor-post__excerpt\">\n\t\t\t<p>Certains objets anciens sont particuli\u00e8rement appr\u00e9ci\u00e9s par les amateurs de brocante et de d\u00e9coration vintage. Les miroirs anciens Les miroirs avec<\/p>\n\t\t<\/div>\n\t\t\n\t\t<a class=\"elementor-post__read-more\" href=\"https:\/\/ecs-m1-d.sdw-reims.fr\/wp-gp6\/?p=218\" aria-label=\"En savoir plus sur Les objets de brocante les plus recherch\u00e9s\" tabindex=\"-1\" >\n\t\t\tLire la suite \u00bb\t\t<\/a>\n\n\t\t\t\t<\/div>\n\t\t\t\t<div class=\"elementor-post__meta-data\">\n\t\t\t\t\t<span class=\"elementor-post-date\">\n\t\t\t11 mars, 2026\t\t<\/span>\n\t\t\t\t<span class=\"elementor-post-avatar\">\n\t\t\tAucun commentaire\t\t<\/span>\n\t\t\t\t<\/div>\n\t\t\t\t\t<\/div>\n\t\t<\/article>\n\t\t\t\t<article class=\"elementor-post elementor-grid-item post-216 post type-post status-publish format-standard has-post-thumbnail hentry category-decoration-vintage\" role=\"listitem\">\n\t\t\t<div class=\"elementor-post__card\">\n\t\t\t\t<a class=\"elementor-post__thumbnail__link\" href=\"https:\/\/ecs-m1-d.sdw-reims.fr\/wp-gp6\/?p=216\" tabindex=\"-1\" ><div class=\"elementor-post__thumbnail\"><img decoding=\"async\" width=\"300\" height=\"300\" src=\"https:\/\/ecs-m1-d.sdw-reims.fr\/wp-gp6\/wp-content\/uploads\/2026\/03\/hbx030118buzz05-66f3009999065-300x300.jpg\" class=\"attachment-medium size-medium wp-image-260\" alt=\"\" srcset=\"https:\/\/ecs-m1-d.sdw-reims.fr\/wp-gp6\/wp-content\/uploads\/2026\/03\/hbx030118buzz05-66f3009999065-300x300.jpg 300w, https:\/\/ecs-m1-d.sdw-reims.fr\/wp-gp6\/wp-content\/uploads\/2026\/03\/hbx030118buzz05-66f3009999065-150x150.jpg 150w, https:\/\/ecs-m1-d.sdw-reims.fr\/wp-gp6\/wp-content\/uploads\/2026\/03\/hbx030118buzz05-66f3009999065.avif 640w\" sizes=\"(max-width: 300px) 100vw, 300px\" \/><\/div><\/a>\n\t\t\t\t<div class=\"elementor-post__badge\">D\u00e9coration vintage<\/div>\n\t\t\t\t<div class=\"elementor-post__avatar\">\n\t\t\t<img alt='Tiphany' src='https:\/\/secure.gravatar.com\/avatar\/40f8254717cd4104f5f065df60b7fe95633a39eea819d7faec472aabbcc193cc?s=128&#038;d=mm&#038;r=g' srcset='https:\/\/secure.gravatar.com\/avatar\/40f8254717cd4104f5f065df60b7fe95633a39eea819d7faec472aabbcc193cc?s=256&#038;d=mm&#038;r=g 2x' class='avatar avatar-128 photo' height='128' width='128' \/>\t\t<\/div>\n\t\t\t\t<div class=\"elementor-post__text\">\n\t\t\t\t<h3 class=\"elementor-post__title\">\n\t\t\t<a href=\"https:\/\/ecs-m1-d.sdw-reims.fr\/wp-gp6\/?p=216\" >\n\t\t\t\tPourquoi d\u00e9corer sa maison avec des objets de brocante ?\t\t\t<\/a>\n\t\t<\/h3>\n\t\t\t\t<div class=\"elementor-post__excerpt\">\n\t\t\t<p>Les objets de brocante ont un charme unique. Contrairement aux objets industriels produits en grande s\u00e9rie, chaque pi\u00e8ce poss\u00e8de une histoire<\/p>\n\t\t<\/div>\n\t\t\n\t\t<a class=\"elementor-post__read-more\" href=\"https:\/\/ecs-m1-d.sdw-reims.fr\/wp-gp6\/?p=216\" aria-label=\"En savoir plus sur Pourquoi d\u00e9corer sa maison avec des objets de brocante ?\" tabindex=\"-1\" >\n\t\t\tLire la suite \u00bb\t\t<\/a>\n\n\t\t\t\t<\/div>\n\t\t\t\t<div class=\"elementor-post__meta-data\">\n\t\t\t\t\t<span class=\"elementor-post-date\">\n\t\t\t11 mars, 2026\t\t<\/span>\n\t\t\t\t<span class=\"elementor-post-avatar\">\n\t\t\tAucun commentaire\t\t<\/span>\n\t\t\t\t<\/div>\n\t\t\t\t\t<\/div>\n\t\t<\/article>\n\t\t\t\t<article class=\"elementor-post elementor-grid-item post-214 post type-post status-publish format-standard has-post-thumbnail hentry category-decoration-vintage\" role=\"listitem\">\n\t\t\t<div class=\"elementor-post__card\">\n\t\t\t\t<a class=\"elementor-post__thumbnail__link\" href=\"https:\/\/ecs-m1-d.sdw-reims.fr\/wp-gp6\/?p=214\" tabindex=\"-1\" ><div class=\"elementor-post__thumbnail\"><img loading=\"lazy\" decoding=\"async\" width=\"300\" height=\"200\" src=\"https:\/\/ecs-m1-d.sdw-reims.fr\/wp-gp6\/wp-content\/uploads\/2026\/03\/BRIMFIELDPIX-shoppers-300x200.jpg\" class=\"attachment-medium size-medium wp-image-259\" alt=\"\" srcset=\"https:\/\/ecs-m1-d.sdw-reims.fr\/wp-gp6\/wp-content\/uploads\/2026\/03\/BRIMFIELDPIX-shoppers-300x200.jpg 300w, https:\/\/ecs-m1-d.sdw-reims.fr\/wp-gp6\/wp-content\/uploads\/2026\/03\/BRIMFIELDPIX-shoppers-1024x683.jpg 1024w, https:\/\/ecs-m1-d.sdw-reims.fr\/wp-gp6\/wp-content\/uploads\/2026\/03\/BRIMFIELDPIX-shoppers-768x512.jpg 768w, https:\/\/ecs-m1-d.sdw-reims.fr\/wp-gp6\/wp-content\/uploads\/2026\/03\/BRIMFIELDPIX-shoppers.jpg 1200w\" sizes=\"(max-width: 300px) 100vw, 300px\" \/><\/div><\/a>\n\t\t\t\t<div class=\"elementor-post__badge\">D\u00e9coration vintage<\/div>\n\t\t\t\t<div class=\"elementor-post__avatar\">\n\t\t\t<img alt='Tiphany' src='https:\/\/secure.gravatar.com\/avatar\/40f8254717cd4104f5f065df60b7fe95633a39eea819d7faec472aabbcc193cc?s=128&#038;d=mm&#038;r=g' srcset='https:\/\/secure.gravatar.com\/avatar\/40f8254717cd4104f5f065df60b7fe95633a39eea819d7faec472aabbcc193cc?s=256&#038;d=mm&#038;r=g 2x' class='avatar avatar-128 photo' height='128' width='128' \/>\t\t<\/div>\n\t\t\t\t<div class=\"elementor-post__text\">\n\t\t\t\t<h3 class=\"elementor-post__title\">\n\t\t\t<a href=\"https:\/\/ecs-m1-d.sdw-reims.fr\/wp-gp6\/?p=214\" >\n\t\t\t\tComment reconna\u00eetre un objet vraiment vintage ?\t\t\t<\/a>\n\t\t<\/h3>\n\t\t\t\t<div class=\"elementor-post__excerpt\">\n\t\t\t<p>Le terme vintage est souvent utilis\u00e9, mais tous les objets anciens ne sont pas forc\u00e9ment vintage. En g\u00e9n\u00e9ral, on consid\u00e8re qu\u2019un<\/p>\n\t\t<\/div>\n\t\t\n\t\t<a class=\"elementor-post__read-more\" href=\"https:\/\/ecs-m1-d.sdw-reims.fr\/wp-gp6\/?p=214\" aria-label=\"En savoir plus sur Comment reconna\u00eetre un objet vraiment vintage ?\" tabindex=\"-1\" >\n\t\t\tLire la suite \u00bb\t\t<\/a>\n\n\t\t\t\t<\/div>\n\t\t\t\t<div class=\"elementor-post__meta-data\">\n\t\t\t\t\t<span class=\"elementor-post-date\">\n\t\t\t11 mars, 2026\t\t<\/span>\n\t\t\t\t<span class=\"elementor-post-avatar\">\n\t\t\tAucun commentaire\t\t<\/span>\n\t\t\t\t<\/div>\n\t\t\t\t\t<\/div>\n\t\t<\/article>\n\t\t\t\t<\/div>\n\t\t\n\t\t\t\t\t\t<\/div>\n\t\t\t\t<\/div>\n\t\t\t\t\t<\/div>\n\t\t\t\t<\/div>\n\t\t\t\t<\/div>\n\t\t","protected":false},"excerpt":{"rendered":"","protected":false},"author":2,"featured_media":0,"parent":0,"menu_order":0,"comment_status":"closed","ping_status":"closed","template":"","meta":{"_EventAllDay":false,"_EventTimezone":"","_EventStartDate":"","_EventEndDate":"","_EventStartDateUTC":"","_EventEndDateUTC":"","_EventShowMap":false,"_EventShowMapLink":false,"_EventURL":"","_EventCost":"","_EventCostDescription":"","_EventCurrencySymbol":"","_EventCurrencyCode":"","_EventCurrencyPosition":"","_EventDateTimeSeparator":"","_EventTimeRangeSeparator":"","_EventOrganizerID":[],"_EventVenueID":[],"_OrganizerEmail":"","_OrganizerPhone":"","_OrganizerWebsite":"","_VenueAddress":"","_VenueCity":"","_VenueCountry":"","_VenueProvince":"","_VenueState":"","_VenueZip":"","_VenuePhone":"","_VenueURL":"","_VenueStateProvince":"","_VenueLat":"","_VenueLng":"","_VenueShowMap":false,"_VenueShowMapLink":false,"footnotes":""},"class_list":["post-82","page","type-page","status-publish","hentry"],"_links":{"self":[{"href":"https:\/\/ecs-m1-d.sdw-reims.fr\/wp-gp6\/index.php?rest_route=\/wp\/v2\/pages\/82","targetHints":{"allow":["GET"]}}],"collection":[{"href":"https:\/\/ecs-m1-d.sdw-reims.fr\/wp-gp6\/index.php?rest_route=\/wp\/v2\/pages"}],"about":[{"href":"https:\/\/ecs-m1-d.sdw-reims.fr\/wp-gp6\/index.php?rest_route=\/wp\/v2\/types\/page"}],"author":[{"embeddable":true,"href":"https:\/\/ecs-m1-d.sdw-reims.fr\/wp-gp6\/index.php?rest_route=\/wp\/v2\/users\/2"}],"replies":[{"embeddable":true,"href":"https:\/\/ecs-m1-d.sdw-reims.fr\/wp-gp6\/index.php?rest_route=%2Fwp%2Fv2%2Fcomments&post=82"}],"version-history":[{"count":9,"href":"https:\/\/ecs-m1-d.sdw-reims.fr\/wp-gp6\/index.php?rest_route=\/wp\/v2\/pages\/82\/revisions"}],"predecessor-version":[{"id":269,"href":"https:\/\/ecs-m1-d.sdw-reims.fr\/wp-gp6\/index.php?rest_route=\/wp\/v2\/pages\/82\/revisions\/269"}],"wp:attachment":[{"href":"https:\/\/ecs-m1-d.sdw-reims.fr\/wp-gp6\/index.php?rest_route=%2Fwp%2Fv2%2Fmedia&parent=82"}],"curies":[{"name":"wp","href":"https:\/\/api.w.org\/{rel}","templated":true}]}}